{"id":16790,"date":"2025-07-15T23:30:18","date_gmt":"2025-07-15T21:30:18","guid":{"rendered":"https:\/\/uj.adatbank.ro\/lexikon\/termek\/nicolescu-alexandru\/"},"modified":"2025-07-15T23:30:18","modified_gmt":"2025-07-15T21:30:18","slug":"nicolescu-alexandru","status":"publish","type":"product","link":"https:\/\/uj.adatbank.ro\/lexikon\/termek\/nicolescu-alexandru\/","title":{"rendered":"NICOLESCU, Alexandru"},"content":{"rendered":"<p>? \u2020 ?: g.kat. pap. \u2013 K\u00e1pl\u00e1nk\u00e9nt tev\u00e9kenykedett Magyar\u00f3n, majd Marosligetre helyezt\u00e9k szolg\u00e1lni (1914. nov. 15.\u2013), de Magyar\u00f3t is ell\u00e1tta (1910 \u2013 1948), ahol \u0151 \u00e1ll\u00edttatta a nagyharangot (1919), f\u00e1b\u00f3l k\u00f3rust \u00e9p\u00edttetett (1928), cser\u00e9pfedelet \u00e9s mozaikpadl\u00f3t csin\u00e1ltatott (1933). <br \/><strong>Irod.:<\/strong> Reghin, Protopopiat<\/br><\/p>\n","protected":false},"excerpt":{"rendered":"<p>? \u2020 ?: g.kat. pap. \u2013 K\u00e1pl\u00e1nk\u00e9nt tev\u00e9kenykedett Magyar\u00f3n, majd Marosligetre helyezt\u00e9k szolg\u00e1lni (1914. nov. 15.\u2013), de Magyar\u00f3t is ell\u00e1tta (1910 \u2013 1948), ahol \u0151 \u00e1ll\u00edttatta a nagyharangot (1919), f\u00e1b\u00f3l k\u00f3rust \u00e9p\u00edttetett (1928), cser\u00e9pfedelet \u00e9s mozaikpadl\u00f3t csin\u00e1ltatott (1933). Irod.: Reghin, Protopopiat<\/p>\n","protected":false},"featured_media":0,"comment_status":"open","ping_status":"closed","template":"","meta":[],"product_brand":[],"product_cat":[137],"product_tag":[],"class_list":{"0":"post-16790","1":"product","2":"type-product","3":"status-publish","5":"product_cat-maros-megyei-eletrajzi-lexikon","7":"first","8":"instock","9":"shipping-taxable","10":"product-type-simple"},"_links":{"self":[{"href":"https:\/\/uj.adatbank.ro\/lexikon\/wp-json\/wp\/v2\/product\/16790","targetHints":{"allow":["GET"]}}],"collection":[{"href":"https:\/\/uj.adatbank.ro\/lexikon\/wp-json\/wp\/v2\/product"}],"about":[{"href":"https:\/\/uj.adatbank.ro\/lexikon\/wp-json\/wp\/v2\/types\/product"}],"replies":[{"embeddable":true,"href":"https:\/\/uj.adatbank.ro\/lexikon\/wp-json\/wp\/v2\/comments?post=16790"}],"wp:attachment":[{"href":"https:\/\/uj.adatbank.ro\/lexikon\/wp-json\/wp\/v2\/media?parent=16790"}],"wp:term":[{"taxonomy":"product_brand","embeddable":true,"href":"https:\/\/uj.adatbank.ro\/lexikon\/wp-json\/wp\/v2\/product_brand?post=16790"},{"taxonomy":"product_cat","embeddable":true,"href":"https:\/\/uj.adatbank.ro\/lexikon\/wp-json\/wp\/v2\/product_cat?post=16790"},{"taxonomy":"product_tag","embeddable":true,"href":"https:\/\/uj.adatbank.ro\/lexikon\/wp-json\/wp\/v2\/product_tag?post=16790"}],"curies":[{"name":"wp","href":"https:\/\/api.w.org\/{rel}","templated":true}]}}