{"id":16793,"date":"2025-07-15T23:30:27","date_gmt":"2025-07-15T21:30:27","guid":{"rendered":"https:\/\/uj.adatbank.ro\/lexikon\/termek\/nicolescu-dorin-%c2%a7\/"},"modified":"2025-07-15T23:30:27","modified_gmt":"2025-07-15T21:30:27","slug":"nicolescu-dorin-%c2%a7","status":"publish","type":"product","link":"https:\/\/uj.adatbank.ro\/lexikon\/termek\/nicolescu-dorin-%c2%a7\/","title":{"rendered":"NICOLESCU, Dorin, \u00a7"},"content":{"rendered":"<p>Sz\u00e1szr\u00e9gen, 1930. m\u00e1j. 8., \u2020 ?: orvos, urol\u00f3gus, egyetemi tan\u00e1r. \u2013 A sz\u00e1szr\u00e9geni n\u00e9met gimn\u00e1zium elv\u00e9gz\u00e9se ut\u00e1n Kv.-on tanult, majd a MOGYI \u00c1ltal\u00e1nos orvosi Kar\u00e1n szerzett diplom\u00e1t (1955); doktor\u00e1lt (1968). Egyetemi p\u00e1lyafut\u00e1s\u00e1t Kv.-on kezdte mint gyakornok a n\u0151gy\u00f3gy\u00e1szaton, azut\u00e1n alorvos a seb\u00e9szeten, tan\u00e1rseg\u00e9d a t\u00e1janat\u00f3mia \u00e9s seb\u00e9szeti szakon(1960\u2013); Buk.-ben tan\u00e1rseg\u00e9d az anat\u00f3mia katedr\u00e1n (1961\u201368); katedraf\u0151n\u00f6k (1968\u201372); az Urol\u00f3giai Klinik\u00e1n szint\u00e9n katedraf\u0151n\u00f6k (1973\u201377), el\u0151ad\u00f3tan\u00e1r, a MOGYI Urol\u00f3giai Klinik\u00e1j\u00e1nak vezet\u0151je (1977\u2013). T\u00f6bb mint 500 tanulm\u00e1ny\u00e1t k\u00f6z\u00f6lte szakfoly\u00f3iratokban : Obstetric\u0103-Ginecologie (1957, 1960, 1971); Spitalul (1962, 1967); Archives de L\u2019 Union Medicale Bakcanique (1963, 1976); Chirurgie (1963, 1969, 1974); Medicina Intern\u0103 (1965); European Surgical Research (1967, 1969); Lyon Chirurgicale (1967, 1972); Via\u0163a medical\u0103 (1969, 1976, 1978); Revue Medicale de L\u2019 Academie (1976); European Urology (1978); Revista medical\u0103 (1978\u201380, 1983\u201384, 1986\u201387, 1989\u201391); Revista medical\u0103 UMF TgM (1992); Magyar Urologia (1994, 1996\u201397); Revista de medicin\u0103 \u015fi farmacie (1994, 1996\u201399); Revista Rom\u00e2n\u0103 de Urologie (1994, 1998\u201300); Endoscopia (2000); Quo Vadis, Jurnal al Funda\u0163iei Umanitare Hipocrate \u201eDialog \u00eentre Genera\u0163ii\u201d (2000). 4 tal\u00e1lm\u00e1ny birtokosa.; t\u00f6bb mint 40 nemzetk\u00f6zi kongresszuson vett r\u00e9szt dolgozattal. Tanul\u00e1m\u00e1ny\u00faton j\u00e1rt Parizs (1969); Berlin (1973); Budapest (1974, 1981); Debrecen (1978); Berlin (1989); M\u00fcnchen (1994)-ben. Kit\u0171ntet\u00e9sei : Mv. D\u00edszpolg\u00e1ra (1996); a szebeni Lucian Blaga Egyetemen \u201eDoctor Honoris Causa\u201d (1999\u2013); Diploma de Excelen\u0163\u0103 a Senatului UMF TgM (2000\u2013). A Rom\u00e1n Orvostudom\u00e1nyok Akad\u00e9mi\u00e1j\u00e1nak tagja (A\u015eMR) (1993\u2013); eln\u00f6ke a Rom\u00e1n Endourologiai T\u00e1rsas\u00e1gnak (1991\u201394); aleln\u00f6ke a Rom\u00e1n Urol\u00f3giai T\u00e1rsas\u00e1gnak (1990\u201397); tagja a Nemzetk\u00f6zi Urol\u00f3giai T\u00e1rsas\u00e1gnak, a N\u00e9met Urol\u00f3giai T\u00e1rsas\u00e1gnak, a Magyar Urol\u00f3giai T\u00e1rsas\u00e1gnak.\u2013 <strong>F. m.:<\/strong> Anatomie descriptiv\u0103 \u015fi topografic\u0103 a extremit\u0103\u0163ilor (Buc., 1970); Curs de urologie (TgM., 1980); <strong>t\u00e1rssz.:<\/strong> Anatomia nervilor cerebrali : curs (Buc., 1969); Manual de urologie. (1976); Urol\u00f3giai jegyzet (Mv., 1981); Ghid de lucr\u0103ri practice de urologie. (1984); Tratat de patologie chirurgical\u0103. 1\u20132 (1984); Curs de urologie. (1989); Urologie. (1990); Manual de patologie urinar\u0103. (1990); Urol\u00f3giai jegyzet egyetemi hallgat\u00f3k r\u00e9sz\u00e9re. (Mv., 1990); Urologie (1990); \u00cendreptar de chirurgie endourologic\u0103 (199).; Urol\u00f3giai v\u00e1logatott fejezetek (Budapest, 1996).; Bazele chirurgiei endourologice (1997); Litiaza vezical\u0103. Modalit\u0103\u0163i terapeutice actuale (TgM., , 2000). <br \/><strong>Irod.:<\/strong> Dic\u0163ionar de anatomi\u015fti; Erd\u00e9lyi Lajos: Szakszer\u0171 magyar\u00e1zatok egy k\u00f6zelk\u00e9phez (\u00daj \u00c9let, 2. sz. 1985); Profiluri reghinene; Tizenk\u00e9t \u00e9v; Todea\u2013F\u00fcl\u00f6p\u2013Avram; Who\u2019s Who<\/br><\/p>\n","protected":false},"excerpt":{"rendered":"<p>Sz\u00e1szr\u00e9gen, 1930. m\u00e1j. 8., \u2020 ?: orvos, urol\u00f3gus, egyetemi tan\u00e1r. \u2013 A sz\u00e1szr\u00e9geni n\u00e9met gimn\u00e1zium elv\u00e9gz\u00e9se ut\u00e1n Kv.-on tanult, majd a MOGYI \u00c1ltal\u00e1nos orvosi Kar\u00e1n szerzett diplom\u00e1t (1955); doktor\u00e1lt (1968). Egyetemi p\u00e1lyafut\u00e1s\u00e1t Kv.-on kezdte mint gyakornok a n\u0151gy\u00f3gy\u00e1szaton, azut\u00e1n alorvos a seb\u00e9szeten, tan\u00e1rseg\u00e9d a t\u00e1janat\u00f3mia \u00e9s seb\u00e9szeti szakon(1960\u2013); Buk.-ben tan\u00e1rseg\u00e9d az anat\u00f3mia katedr\u00e1n (1961\u201368); katedraf\u0151n\u00f6k [&hellip;]<\/p>\n","protected":false},"featured_media":0,"comment_status":"open","ping_status":"closed","template":"","meta":[],"product_brand":[],"product_cat":[137],"product_tag":[],"class_list":{"0":"post-16793","1":"product","2":"type-product","3":"status-publish","5":"product_cat-maros-megyei-eletrajzi-lexikon","7":"first","8":"instock","9":"shipping-taxable","10":"product-type-simple"},"_links":{"self":[{"href":"https:\/\/uj.adatbank.ro\/lexikon\/wp-json\/wp\/v2\/product\/16793","targetHints":{"allow":["GET"]}}],"collection":[{"href":"https:\/\/uj.adatbank.ro\/lexikon\/wp-json\/wp\/v2\/product"}],"about":[{"href":"https:\/\/uj.adatbank.ro\/lexikon\/wp-json\/wp\/v2\/types\/product"}],"replies":[{"embeddable":true,"href":"https:\/\/uj.adatbank.ro\/lexikon\/wp-json\/wp\/v2\/comments?post=16793"}],"wp:attachment":[{"href":"https:\/\/uj.adatbank.ro\/lexikon\/wp-json\/wp\/v2\/media?parent=16793"}],"wp:term":[{"taxonomy":"product_brand","embeddable":true,"href":"https:\/\/uj.adatbank.ro\/lexikon\/wp-json\/wp\/v2\/product_brand?post=16793"},{"taxonomy":"product_cat","embeddable":true,"href":"https:\/\/uj.adatbank.ro\/lexikon\/wp-json\/wp\/v2\/product_cat?post=16793"},{"taxonomy":"product_tag","embeddable":true,"href":"https:\/\/uj.adatbank.ro\/lexikon\/wp-json\/wp\/v2\/product_tag?post=16793"}],"curies":[{"name":"wp","href":"https:\/\/api.w.org\/{rel}","templated":true}]}}