{"id":16795,"date":"2025-07-15T23:30:30","date_gmt":"2025-07-15T21:30:30","guid":{"rendered":"https:\/\/uj.adatbank.ro\/lexikon\/termek\/nicolescu-vasile\/"},"modified":"2025-07-15T23:30:30","modified_gmt":"2025-07-15T21:30:30","slug":"nicolescu-vasile","status":"publish","type":"product","link":"https:\/\/uj.adatbank.ro\/lexikon\/termek\/nicolescu-vasile\/","title":{"rendered":"NICOLESCU, Vasile"},"content":{"rendered":"<p>Hod\u00e1k, ? \u2020 G\u00f6demesterh\u00e1za, ?: ort. lelk\u00e9sz. \u2013 G\u00f6demesterh\u00e1z\u00e1n szolg\u00e1lt, az eg\u00e9sz Fels\u0151-Marosment\u00e9n a leggazdagabb lel\u00e9sz volt. Az \u0151 ir\u00e1ny\u00edt\u00e1s\u00e1val \u00faj, nagy isk.\u00e9p\u00fclt k\u0151b\u0151l \u00e9s egy rom\u00e1n st\u00edlus\u00fa tempolom. Nyolc gyermeket nevelt fel, \u00e9s mind tanult emberek lettek. <br \/><strong>Irod.:<\/strong> ASTRA reghinean\u0103<\/br><\/p>\n","protected":false},"excerpt":{"rendered":"<p>Hod\u00e1k, ? \u2020 G\u00f6demesterh\u00e1za, ?: ort. lelk\u00e9sz. \u2013 G\u00f6demesterh\u00e1z\u00e1n szolg\u00e1lt, az eg\u00e9sz Fels\u0151-Marosment\u00e9n a leggazdagabb lel\u00e9sz volt. Az \u0151 ir\u00e1ny\u00edt\u00e1s\u00e1val \u00faj, nagy isk.\u00e9p\u00fclt k\u0151b\u0151l \u00e9s egy rom\u00e1n st\u00edlus\u00fa tempolom. Nyolc gyermeket nevelt fel, \u00e9s mind tanult emberek lettek. Irod.: ASTRA reghinean\u0103<\/p>\n","protected":false},"featured_media":0,"comment_status":"open","ping_status":"closed","template":"","meta":[],"product_brand":[],"product_cat":[137],"product_tag":[],"class_list":{"0":"post-16795","1":"product","2":"type-product","3":"status-publish","5":"product_cat-maros-megyei-eletrajzi-lexikon","7":"first","8":"instock","9":"shipping-taxable","10":"product-type-simple"},"_links":{"self":[{"href":"https:\/\/uj.adatbank.ro\/lexikon\/wp-json\/wp\/v2\/product\/16795","targetHints":{"allow":["GET"]}}],"collection":[{"href":"https:\/\/uj.adatbank.ro\/lexikon\/wp-json\/wp\/v2\/product"}],"about":[{"href":"https:\/\/uj.adatbank.ro\/lexikon\/wp-json\/wp\/v2\/types\/product"}],"replies":[{"embeddable":true,"href":"https:\/\/uj.adatbank.ro\/lexikon\/wp-json\/wp\/v2\/comments?post=16795"}],"wp:attachment":[{"href":"https:\/\/uj.adatbank.ro\/lexikon\/wp-json\/wp\/v2\/media?parent=16795"}],"wp:term":[{"taxonomy":"product_brand","embeddable":true,"href":"https:\/\/uj.adatbank.ro\/lexikon\/wp-json\/wp\/v2\/product_brand?post=16795"},{"taxonomy":"product_cat","embeddable":true,"href":"https:\/\/uj.adatbank.ro\/lexikon\/wp-json\/wp\/v2\/product_cat?post=16795"},{"taxonomy":"product_tag","embeddable":true,"href":"https:\/\/uj.adatbank.ro\/lexikon\/wp-json\/wp\/v2\/product_tag?post=16795"}],"curies":[{"name":"wp","href":"https:\/\/api.w.org\/{rel}","templated":true}]}}