{"id":16800,"date":"2025-07-15T23:30:39","date_gmt":"2025-07-15T21:30:39","guid":{"rendered":"https:\/\/uj.adatbank.ro\/lexikon\/termek\/niculescu-alexandru\/"},"modified":"2025-07-15T23:30:39","modified_gmt":"2025-07-15T21:30:39","slug":"niculescu-alexandru","status":"publish","type":"product","link":"https:\/\/uj.adatbank.ro\/lexikon\/termek\/niculescu-alexandru\/","title":{"rendered":"NICULESCU, Alexandru"},"content":{"rendered":"<p>G\u00f6demesterh\u00e1za, 1883., \u2020 ? : g\u00f6r. kel. lelk\u00e9sz. \u2013 A csal\u00e1d \u0151sei t\u00f6bb mint 200 \u00e9vre visszamen\u0151leg g\u00f6r. keleti lelk\u00e9szek voltak. Tanulm\u00e1nyait Nagyszebenben v\u00e9gezte ahol papp\u00e1 szentelt\u00e9k (1906). Magyar\u00f3n volt lelk\u00e9sz (1909\u2013). <br \/><strong>Irod.:<\/strong> Sz\u00e9kelyf\u00f6ld \u00ed.k.<\/br><\/p>\n","protected":false},"excerpt":{"rendered":"<p>G\u00f6demesterh\u00e1za, 1883., \u2020 ? : g\u00f6r. kel. lelk\u00e9sz. \u2013 A csal\u00e1d \u0151sei t\u00f6bb mint 200 \u00e9vre visszamen\u0151leg g\u00f6r. keleti lelk\u00e9szek voltak. Tanulm\u00e1nyait Nagyszebenben v\u00e9gezte ahol papp\u00e1 szentelt\u00e9k (1906). Magyar\u00f3n volt lelk\u00e9sz (1909\u2013). Irod.: Sz\u00e9kelyf\u00f6ld \u00ed.k.<\/p>\n","protected":false},"featured_media":0,"comment_status":"open","ping_status":"closed","template":"","meta":[],"product_brand":[],"product_cat":[137],"product_tag":[],"class_list":{"0":"post-16800","1":"product","2":"type-product","3":"status-publish","5":"product_cat-maros-megyei-eletrajzi-lexikon","7":"first","8":"instock","9":"shipping-taxable","10":"product-type-simple"},"_links":{"self":[{"href":"https:\/\/uj.adatbank.ro\/lexikon\/wp-json\/wp\/v2\/product\/16800","targetHints":{"allow":["GET"]}}],"collection":[{"href":"https:\/\/uj.adatbank.ro\/lexikon\/wp-json\/wp\/v2\/product"}],"about":[{"href":"https:\/\/uj.adatbank.ro\/lexikon\/wp-json\/wp\/v2\/types\/product"}],"replies":[{"embeddable":true,"href":"https:\/\/uj.adatbank.ro\/lexikon\/wp-json\/wp\/v2\/comments?post=16800"}],"wp:attachment":[{"href":"https:\/\/uj.adatbank.ro\/lexikon\/wp-json\/wp\/v2\/media?parent=16800"}],"wp:term":[{"taxonomy":"product_brand","embeddable":true,"href":"https:\/\/uj.adatbank.ro\/lexikon\/wp-json\/wp\/v2\/product_brand?post=16800"},{"taxonomy":"product_cat","embeddable":true,"href":"https:\/\/uj.adatbank.ro\/lexikon\/wp-json\/wp\/v2\/product_cat?post=16800"},{"taxonomy":"product_tag","embeddable":true,"href":"https:\/\/uj.adatbank.ro\/lexikon\/wp-json\/wp\/v2\/product_tag?post=16800"}],"curies":[{"name":"wp","href":"https:\/\/api.w.org\/{rel}","templated":true}]}}