{"id":16805,"date":"2025-07-15T23:30:50","date_gmt":"2025-07-15T21:30:50","guid":{"rendered":"https:\/\/uj.adatbank.ro\/lexikon\/termek\/niculescu-radu\/"},"modified":"2025-07-15T23:30:50","modified_gmt":"2025-07-15T21:30:50","slug":"niculescu-radu","status":"publish","type":"product","link":"https:\/\/uj.adatbank.ro\/lexikon\/termek\/niculescu-radu\/","title":{"rendered":"NICULESCU, Radu"},"content":{"rendered":"<p>? \u2020 ?:labdar\u00fag\u00f3. \u2013 Rom\u00e1nia, els\u0151 alkalommal vett r\u00e9szt a p\u00e1rizsi VIII-ik Ny\u00e1ri Olimpi\u00e1n, 4 sport\u00e1gban, 51 versennyz\u0151vel, k\u00f6zt\u00fck k\u00e9t mv.-i, a m\u00e1sik Moln\u00e1r Attila. R.N. a CFR Muresul Klub k\u00e9pviselet\u00e9ben. <br \/><strong>Irod.:<\/strong> Kl\u00f3sz\u2013Tolok\u00e1n<\/br><\/p>\n","protected":false},"excerpt":{"rendered":"<p>? \u2020 ?:labdar\u00fag\u00f3. \u2013 Rom\u00e1nia, els\u0151 alkalommal vett r\u00e9szt a p\u00e1rizsi VIII-ik Ny\u00e1ri Olimpi\u00e1n, 4 sport\u00e1gban, 51 versennyz\u0151vel, k\u00f6zt\u00fck k\u00e9t mv.-i, a m\u00e1sik Moln\u00e1r Attila. R.N. a CFR Muresul Klub k\u00e9pviselet\u00e9ben. Irod.: Kl\u00f3sz\u2013Tolok\u00e1n<\/p>\n","protected":false},"featured_media":0,"comment_status":"open","ping_status":"closed","template":"","meta":[],"product_brand":[],"product_cat":[137],"product_tag":[],"class_list":{"0":"post-16805","1":"product","2":"type-product","3":"status-publish","5":"product_cat-maros-megyei-eletrajzi-lexikon","7":"first","8":"instock","9":"shipping-taxable","10":"product-type-simple"},"_links":{"self":[{"href":"https:\/\/uj.adatbank.ro\/lexikon\/wp-json\/wp\/v2\/product\/16805","targetHints":{"allow":["GET"]}}],"collection":[{"href":"https:\/\/uj.adatbank.ro\/lexikon\/wp-json\/wp\/v2\/product"}],"about":[{"href":"https:\/\/uj.adatbank.ro\/lexikon\/wp-json\/wp\/v2\/types\/product"}],"replies":[{"embeddable":true,"href":"https:\/\/uj.adatbank.ro\/lexikon\/wp-json\/wp\/v2\/comments?post=16805"}],"wp:attachment":[{"href":"https:\/\/uj.adatbank.ro\/lexikon\/wp-json\/wp\/v2\/media?parent=16805"}],"wp:term":[{"taxonomy":"product_brand","embeddable":true,"href":"https:\/\/uj.adatbank.ro\/lexikon\/wp-json\/wp\/v2\/product_brand?post=16805"},{"taxonomy":"product_cat","embeddable":true,"href":"https:\/\/uj.adatbank.ro\/lexikon\/wp-json\/wp\/v2\/product_cat?post=16805"},{"taxonomy":"product_tag","embeddable":true,"href":"https:\/\/uj.adatbank.ro\/lexikon\/wp-json\/wp\/v2\/product_tag?post=16805"}],"curies":[{"name":"wp","href":"https:\/\/api.w.org\/{rel}","templated":true}]}}