{"id":16808,"date":"2025-07-15T23:30:56","date_gmt":"2025-07-15T21:30:56","guid":{"rendered":"https:\/\/uj.adatbank.ro\/lexikon\/termek\/niko-lina\/"},"modified":"2025-07-15T23:30:56","modified_gmt":"2025-07-15T21:30:56","slug":"niko-lina","status":"publish","type":"product","link":"https:\/\/uj.adatbank.ro\/lexikon\/termek\/niko-lina\/","title":{"rendered":"NIK\u00d3 Lina"},"content":{"rendered":"<p>Kunszentmikl\u00f3s, 1853. \u00e1pr. 10., \u2020 Bp., 1905. j\u00fal. 26.: sz\u00edn\u00e9szn\u0151. \u2013 Tanul\u00adm\u00e1nyait megszak\u00edtva K\u00e1rolyi Lajos t\u00e1rsulat\u00e1ban kezdte sz\u00edn\u00e9szi p\u00e1ly\u00e1j\u00e1t *1868-ban). Szabadk\u00e1n (1871\u201373), Szegeden (1873\u201377), a bp.-i N\u00e9psz\u00ednh\u00e1zban (1877\u201378), Gy\u0151r\u00f6tt \u00e9s Sopronban (1878\u201379), Ba\u00adj\u00e1n (1879), Kecskem\u00e9ten (1880), Miskolcon (1881\u201383), Mak\u00f3n j\u00e1tszott (1883). \u00dajvid\u00e9kre (1884), Mv.-re (1885-ben \u00e9s 1887-ben), \u00dajpestre (1886), Sze\u00adgedre (1888), Eperjesre (1889) szerz\u0151d\u00f6tt. A miskolci (1890\u201392), a kassai (1892\u201394), a szabadkai egy\u00fcttes tagja (1894). A bp.-i V\u00e1rosligeti Sz\u00ednk\u00f6rben l\u00e9pett fel (1895 nyar\u00e1n), \u00e9s a bp.-i V\u00edgsz\u00ednh\u00e1z tagja (1896-t\u00f3l). Kezdetben operettekben \u00e9s n\u00e9psz\u00ednm\u0171vekben szerepelt, majd \u00e1tt\u00e9rt a komikai szerepk\u00f6rre: legnagyobb sikerrel kellemetlen, veszeked\u0151 asszonyokat szem\u00e9lyes\u00edtett meg v\u00e9rb\u0151 humorral, de az em\u00adberi von\u00e1sokat m\u00e9gsem torz\u00edtotta el. \u2013 <strong>F. sz.:<\/strong> Nefelejts (Szigeti J\u00f3zsef: A cs\u00f3kon szerzett v\u0151leg\u00e9ny); Tourelln\u00e9 (Ordonneau-Valabr\u00e9-que: Durand \u00e9s Durand); Marosin\u00e9 (Moln\u00e1r Ferenc: Doktor \u00far); Vinardn\u00e9 (Potter: Trilby). \u2013 <strong>F. f.:<\/strong>: A t\u00e1nc (1901). <br \/><strong>Irod.:<\/strong> \u00daM\u00c9L<\/br><\/p>\n","protected":false},"excerpt":{"rendered":"<p>Kunszentmikl\u00f3s, 1853. \u00e1pr. 10., \u2020 Bp., 1905. j\u00fal. 26.: sz\u00edn\u00e9szn\u0151. \u2013 Tanul\u00adm\u00e1nyait megszak\u00edtva K\u00e1rolyi Lajos t\u00e1rsulat\u00e1ban kezdte sz\u00edn\u00e9szi p\u00e1ly\u00e1j\u00e1t *1868-ban). Szabadk\u00e1n (1871\u201373), Szegeden (1873\u201377), a bp.-i N\u00e9psz\u00ednh\u00e1zban (1877\u201378), Gy\u0151r\u00f6tt \u00e9s Sopronban (1878\u201379), Ba\u00adj\u00e1n (1879), Kecskem\u00e9ten (1880), Miskolcon (1881\u201383), Mak\u00f3n j\u00e1tszott (1883). \u00dajvid\u00e9kre (1884), Mv.-re (1885-ben \u00e9s 1887-ben), \u00dajpestre (1886), Sze\u00adgedre (1888), Eperjesre (1889) szerz\u0151d\u00f6tt. A [&hellip;]<\/p>\n","protected":false},"featured_media":0,"comment_status":"open","ping_status":"closed","template":"","meta":[],"product_brand":[],"product_cat":[137],"product_tag":[],"class_list":{"0":"post-16808","1":"product","2":"type-product","3":"status-publish","5":"product_cat-maros-megyei-eletrajzi-lexikon","7":"first","8":"instock","9":"shipping-taxable","10":"product-type-simple"},"_links":{"self":[{"href":"https:\/\/uj.adatbank.ro\/lexikon\/wp-json\/wp\/v2\/product\/16808","targetHints":{"allow":["GET"]}}],"collection":[{"href":"https:\/\/uj.adatbank.ro\/lexikon\/wp-json\/wp\/v2\/product"}],"about":[{"href":"https:\/\/uj.adatbank.ro\/lexikon\/wp-json\/wp\/v2\/types\/product"}],"replies":[{"embeddable":true,"href":"https:\/\/uj.adatbank.ro\/lexikon\/wp-json\/wp\/v2\/comments?post=16808"}],"wp:attachment":[{"href":"https:\/\/uj.adatbank.ro\/lexikon\/wp-json\/wp\/v2\/media?parent=16808"}],"wp:term":[{"taxonomy":"product_brand","embeddable":true,"href":"https:\/\/uj.adatbank.ro\/lexikon\/wp-json\/wp\/v2\/product_brand?post=16808"},{"taxonomy":"product_cat","embeddable":true,"href":"https:\/\/uj.adatbank.ro\/lexikon\/wp-json\/wp\/v2\/product_cat?post=16808"},{"taxonomy":"product_tag","embeddable":true,"href":"https:\/\/uj.adatbank.ro\/lexikon\/wp-json\/wp\/v2\/product_tag?post=16808"}],"curies":[{"name":"wp","href":"https:\/\/api.w.org\/{rel}","templated":true}]}}