{"id":1681,"date":"2025-06-28T11:49:51","date_gmt":"2025-06-28T09:49:51","guid":{"rendered":"https:\/\/uj.adatbank.ro\/lexikon\/termek\/ajtai-marton\/"},"modified":"2025-06-28T11:49:51","modified_gmt":"2025-06-28T09:49:51","slug":"ajtai-marton","status":"publish","type":"product","link":"https:\/\/uj.adatbank.ro\/lexikon\/termek\/ajtai-marton\/","title":{"rendered":"AJTAI M\u00e1rton"},"content":{"rendered":"<p>? \u2020 ? : ref. lelk\u00e9sz. \u2013 P\u00f3k\u00e1ban szolg\u00e1lt (1736\u201340), majd Als\u00f3b\u00f6lk\u00e9nyben (1742\u201343 ), K\u00f6rtv\u00e9lyf\u00e1j\u00e1n (1744\u201347). <br \/><strong>Irod.:<\/strong> \u0150sz; P\u00f3ka<\/br><\/p>\n","protected":false},"excerpt":{"rendered":"<p>? \u2020 ? : ref. lelk\u00e9sz. \u2013 P\u00f3k\u00e1ban szolg\u00e1lt (1736\u201340), majd Als\u00f3b\u00f6lk\u00e9nyben (1742\u201343 ), K\u00f6rtv\u00e9lyf\u00e1j\u00e1n (1744\u201347). Irod.: \u0150sz; P\u00f3ka<\/p>\n","protected":false},"featured_media":0,"comment_status":"open","ping_status":"closed","template":"","meta":[],"product_brand":[],"product_cat":[137],"product_tag":[],"class_list":{"0":"post-1681","1":"product","2":"type-product","3":"status-publish","5":"product_cat-maros-megyei-eletrajzi-lexikon","7":"first","8":"instock","9":"shipping-taxable","10":"product-type-simple"},"_links":{"self":[{"href":"https:\/\/uj.adatbank.ro\/lexikon\/wp-json\/wp\/v2\/product\/1681","targetHints":{"allow":["GET"]}}],"collection":[{"href":"https:\/\/uj.adatbank.ro\/lexikon\/wp-json\/wp\/v2\/product"}],"about":[{"href":"https:\/\/uj.adatbank.ro\/lexikon\/wp-json\/wp\/v2\/types\/product"}],"replies":[{"embeddable":true,"href":"https:\/\/uj.adatbank.ro\/lexikon\/wp-json\/wp\/v2\/comments?post=1681"}],"wp:attachment":[{"href":"https:\/\/uj.adatbank.ro\/lexikon\/wp-json\/wp\/v2\/media?parent=1681"}],"wp:term":[{"taxonomy":"product_brand","embeddable":true,"href":"https:\/\/uj.adatbank.ro\/lexikon\/wp-json\/wp\/v2\/product_brand?post=1681"},{"taxonomy":"product_cat","embeddable":true,"href":"https:\/\/uj.adatbank.ro\/lexikon\/wp-json\/wp\/v2\/product_cat?post=1681"},{"taxonomy":"product_tag","embeddable":true,"href":"https:\/\/uj.adatbank.ro\/lexikon\/wp-json\/wp\/v2\/product_tag?post=1681"}],"curies":[{"name":"wp","href":"https:\/\/api.w.org\/{rel}","templated":true}]}}