{"id":16811,"date":"2025-07-15T23:31:01","date_gmt":"2025-07-15T21:31:01","guid":{"rendered":"https:\/\/uj.adatbank.ro\/lexikon\/termek\/nilca-v\/"},"modified":"2025-07-15T23:31:01","modified_gmt":"2025-07-15T21:31:01","slug":"nilca-v","status":"publish","type":"product","link":"https:\/\/uj.adatbank.ro\/lexikon\/termek\/nilca-v\/","title":{"rendered":"NILCA, V."},"content":{"rendered":"<p>? \u2020 ?: a mv.-i polg\u00e1rmesteri hivatal MONT irod\u00e1j\u00e1nak f\u0151n\u00f6ke. \u2013 <strong>F. m.:<\/strong> <strong>t\u00e1rssz.:<\/strong> Instruc\u0163iuni cum trebuie s\u0103 ne ap\u0103r\u0103m contra atacurilor aeriene \u015fi ce trebuie \u015ftiut \u00een leg\u0103tur\u0103 cu astea (Tg. Mure\u015f, 1939); Utas\u00edt\u00e1s: Hogyan v\u00e9dekezz\u00fcnk l\u00e9gi t\u00e1mad\u00e1s eset\u00e9n \u00e9s mit kell tudni ezzel kapcsolatban (Mv., 1939).<\/br><\/p>\n","protected":false},"excerpt":{"rendered":"<p>? \u2020 ?: a mv.-i polg\u00e1rmesteri hivatal MONT irod\u00e1j\u00e1nak f\u0151n\u00f6ke. \u2013 F. m.: t\u00e1rssz.: Instruc\u0163iuni cum trebuie s\u0103 ne ap\u0103r\u0103m contra atacurilor aeriene \u015fi ce trebuie \u015ftiut \u00een leg\u0103tur\u0103 cu astea (Tg. Mure\u015f, 1939); Utas\u00edt\u00e1s: Hogyan v\u00e9dekezz\u00fcnk l\u00e9gi t\u00e1mad\u00e1s eset\u00e9n \u00e9s mit kell tudni ezzel kapcsolatban (Mv., 1939).<\/p>\n","protected":false},"featured_media":0,"comment_status":"open","ping_status":"closed","template":"","meta":[],"product_brand":[],"product_cat":[137],"product_tag":[],"class_list":{"0":"post-16811","1":"product","2":"type-product","3":"status-publish","5":"product_cat-maros-megyei-eletrajzi-lexikon","7":"first","8":"instock","9":"shipping-taxable","10":"product-type-simple"},"_links":{"self":[{"href":"https:\/\/uj.adatbank.ro\/lexikon\/wp-json\/wp\/v2\/product\/16811","targetHints":{"allow":["GET"]}}],"collection":[{"href":"https:\/\/uj.adatbank.ro\/lexikon\/wp-json\/wp\/v2\/product"}],"about":[{"href":"https:\/\/uj.adatbank.ro\/lexikon\/wp-json\/wp\/v2\/types\/product"}],"replies":[{"embeddable":true,"href":"https:\/\/uj.adatbank.ro\/lexikon\/wp-json\/wp\/v2\/comments?post=16811"}],"wp:attachment":[{"href":"https:\/\/uj.adatbank.ro\/lexikon\/wp-json\/wp\/v2\/media?parent=16811"}],"wp:term":[{"taxonomy":"product_brand","embeddable":true,"href":"https:\/\/uj.adatbank.ro\/lexikon\/wp-json\/wp\/v2\/product_brand?post=16811"},{"taxonomy":"product_cat","embeddable":true,"href":"https:\/\/uj.adatbank.ro\/lexikon\/wp-json\/wp\/v2\/product_cat?post=16811"},{"taxonomy":"product_tag","embeddable":true,"href":"https:\/\/uj.adatbank.ro\/lexikon\/wp-json\/wp\/v2\/product_tag?post=16811"}],"curies":[{"name":"wp","href":"https:\/\/api.w.org\/{rel}","templated":true}]}}