{"id":16819,"date":"2025-07-15T23:31:25","date_gmt":"2025-07-15T21:31:25","guid":{"rendered":"https:\/\/uj.adatbank.ro\/lexikon\/termek\/nistor-brut-grigoriu\/"},"modified":"2025-07-15T23:31:25","modified_gmt":"2025-07-15T21:31:25","slug":"nistor-brut-grigoriu","status":"publish","type":"product","link":"https:\/\/uj.adatbank.ro\/lexikon\/termek\/nistor-brut-grigoriu\/","title":{"rendered":"NISTOR BRUT, Grigoriu"},"content":{"rendered":"<p>Marosnagylak, 1866. febr. 9., \u2020 G\u00f6rg\u00e9nyoroszfalu, 1901. m\u00e1j. ut\u00e1n.: g. kat.pap. \u2013 Bal\u00e1zsfalv\u00e1n tanult a gimn.-ban (1885), ott v\u00e9gezte a teol\u00f3gi\u00e1t \u00e9s felszentelt\u00e9k (1890). G\u00f6rg\u00e9nyoroszfaluban gondnok, majd pap (1890. dec. 28.\u20131902). <br \/><strong>Irod.:<\/strong> Dobozi; Reghin, Protopopiat<\/br><\/p>\n","protected":false},"excerpt":{"rendered":"<p>Marosnagylak, 1866. febr. 9., \u2020 G\u00f6rg\u00e9nyoroszfalu, 1901. m\u00e1j. ut\u00e1n.: g. kat.pap. \u2013 Bal\u00e1zsfalv\u00e1n tanult a gimn.-ban (1885), ott v\u00e9gezte a teol\u00f3gi\u00e1t \u00e9s felszentelt\u00e9k (1890). G\u00f6rg\u00e9nyoroszfaluban gondnok, majd pap (1890. dec. 28.\u20131902). Irod.: Dobozi; Reghin, Protopopiat<\/p>\n","protected":false},"featured_media":0,"comment_status":"open","ping_status":"closed","template":"","meta":[],"product_brand":[],"product_cat":[137],"product_tag":[],"class_list":{"0":"post-16819","1":"product","2":"type-product","3":"status-publish","5":"product_cat-maros-megyei-eletrajzi-lexikon","7":"first","8":"instock","9":"shipping-taxable","10":"product-type-simple"},"_links":{"self":[{"href":"https:\/\/uj.adatbank.ro\/lexikon\/wp-json\/wp\/v2\/product\/16819","targetHints":{"allow":["GET"]}}],"collection":[{"href":"https:\/\/uj.adatbank.ro\/lexikon\/wp-json\/wp\/v2\/product"}],"about":[{"href":"https:\/\/uj.adatbank.ro\/lexikon\/wp-json\/wp\/v2\/types\/product"}],"replies":[{"embeddable":true,"href":"https:\/\/uj.adatbank.ro\/lexikon\/wp-json\/wp\/v2\/comments?post=16819"}],"wp:attachment":[{"href":"https:\/\/uj.adatbank.ro\/lexikon\/wp-json\/wp\/v2\/media?parent=16819"}],"wp:term":[{"taxonomy":"product_brand","embeddable":true,"href":"https:\/\/uj.adatbank.ro\/lexikon\/wp-json\/wp\/v2\/product_brand?post=16819"},{"taxonomy":"product_cat","embeddable":true,"href":"https:\/\/uj.adatbank.ro\/lexikon\/wp-json\/wp\/v2\/product_cat?post=16819"},{"taxonomy":"product_tag","embeddable":true,"href":"https:\/\/uj.adatbank.ro\/lexikon\/wp-json\/wp\/v2\/product_tag?post=16819"}],"curies":[{"name":"wp","href":"https:\/\/api.w.org\/{rel}","templated":true}]}}