{"id":16820,"date":"2025-07-15T23:31:27","date_gmt":"2025-07-15T21:31:27","guid":{"rendered":"https:\/\/uj.adatbank.ro\/lexikon\/termek\/nistor-dumitru\/"},"modified":"2025-07-15T23:31:27","modified_gmt":"2025-07-15T21:31:27","slug":"nistor-dumitru","status":"publish","type":"product","link":"https:\/\/uj.adatbank.ro\/lexikon\/termek\/nistor-dumitru\/","title":{"rendered":"NISTOR, Dumitru"},"content":{"rendered":"<p>Petele, 1915. nov. 29. \u2020 ?: ort. pap. \u2013 Ny\u00e1r\u00e1dt\u0151nszolg\u00e1lt (1949\u201357). Tev\u00e9kenys\u00e9g\u00e9t figyelte a securitate \u00e1s ellens\u00e9gesnek b\u00e9lyegezte (1956). <br \/><strong>Irod.:<\/strong> Bartos 2012; <\/br><\/p>\n","protected":false},"excerpt":{"rendered":"<p>Petele, 1915. nov. 29. \u2020 ?: ort. pap. \u2013 Ny\u00e1r\u00e1dt\u0151nszolg\u00e1lt (1949\u201357). Tev\u00e9kenys\u00e9g\u00e9t figyelte a securitate \u00e1s ellens\u00e9gesnek b\u00e9lyegezte (1956). Irod.: Bartos 2012;<\/p>\n","protected":false},"featured_media":0,"comment_status":"open","ping_status":"closed","template":"","meta":[],"product_brand":[],"product_cat":[137],"product_tag":[],"class_list":{"0":"post-16820","1":"product","2":"type-product","3":"status-publish","5":"product_cat-maros-megyei-eletrajzi-lexikon","7":"first","8":"instock","9":"shipping-taxable","10":"product-type-simple"},"_links":{"self":[{"href":"https:\/\/uj.adatbank.ro\/lexikon\/wp-json\/wp\/v2\/product\/16820","targetHints":{"allow":["GET"]}}],"collection":[{"href":"https:\/\/uj.adatbank.ro\/lexikon\/wp-json\/wp\/v2\/product"}],"about":[{"href":"https:\/\/uj.adatbank.ro\/lexikon\/wp-json\/wp\/v2\/types\/product"}],"replies":[{"embeddable":true,"href":"https:\/\/uj.adatbank.ro\/lexikon\/wp-json\/wp\/v2\/comments?post=16820"}],"wp:attachment":[{"href":"https:\/\/uj.adatbank.ro\/lexikon\/wp-json\/wp\/v2\/media?parent=16820"}],"wp:term":[{"taxonomy":"product_brand","embeddable":true,"href":"https:\/\/uj.adatbank.ro\/lexikon\/wp-json\/wp\/v2\/product_brand?post=16820"},{"taxonomy":"product_cat","embeddable":true,"href":"https:\/\/uj.adatbank.ro\/lexikon\/wp-json\/wp\/v2\/product_cat?post=16820"},{"taxonomy":"product_tag","embeddable":true,"href":"https:\/\/uj.adatbank.ro\/lexikon\/wp-json\/wp\/v2\/product_tag?post=16820"}],"curies":[{"name":"wp","href":"https:\/\/api.w.org\/{rel}","templated":true}]}}