{"id":16821,"date":"2025-07-15T23:31:29","date_gmt":"2025-07-15T21:31:29","guid":{"rendered":"https:\/\/uj.adatbank.ro\/lexikon\/termek\/nistor-elek-maria-dr\/"},"modified":"2025-07-15T23:31:29","modified_gmt":"2025-07-15T21:31:29","slug":"nistor-elek-maria-dr","status":"publish","type":"product","link":"https:\/\/uj.adatbank.ro\/lexikon\/termek\/nistor-elek-maria-dr\/","title":{"rendered":"NISTOR Elek M\u00e1ria, dr."},"content":{"rendered":"<p>Mv., 1935. \u2020 Mv., 2017:orvos. \u2013 A Kereskedelmi K\u00f6z\u00e9piskol\u00e1ban tanult, a MOGYI-ban kapott orvosi diplom\u00e1t (1958). Vr\u00e1ncsa megy\u00e9ben, Fitionestiben k\u00f6rzeti orvos, majd fert\u0151z\u0151 betegs\u00e9gek szakorvosa. Visszaker\u00fclt a marosi Kerel\u0151szentp\u00e1lon k\u00f6rzeti orvos. Mv.-en a Fert\u0151z\u0151 Betegs\u00e9gek Klinik\u00e1j\u00e1n szakorvos nyugd\u00edjaz\u00e1s\u00e1ig. <br \/><strong>Irod.:<\/strong> Kiss Cs. M 4.<\/br><\/p>\n","protected":false},"excerpt":{"rendered":"<p>Mv., 1935. \u2020 Mv., 2017:orvos. \u2013 A Kereskedelmi K\u00f6z\u00e9piskol\u00e1ban tanult, a MOGYI-ban kapott orvosi diplom\u00e1t (1958). Vr\u00e1ncsa megy\u00e9ben, Fitionestiben k\u00f6rzeti orvos, majd fert\u0151z\u0151 betegs\u00e9gek szakorvosa. Visszaker\u00fclt a marosi Kerel\u0151szentp\u00e1lon k\u00f6rzeti orvos. Mv.-en a Fert\u0151z\u0151 Betegs\u00e9gek Klinik\u00e1j\u00e1n szakorvos nyugd\u00edjaz\u00e1s\u00e1ig. Irod.: Kiss Cs. M 4.<\/p>\n","protected":false},"featured_media":0,"comment_status":"open","ping_status":"closed","template":"","meta":[],"product_brand":[],"product_cat":[137],"product_tag":[],"class_list":{"0":"post-16821","1":"product","2":"type-product","3":"status-publish","5":"product_cat-maros-megyei-eletrajzi-lexikon","7":"first","8":"instock","9":"shipping-taxable","10":"product-type-simple"},"_links":{"self":[{"href":"https:\/\/uj.adatbank.ro\/lexikon\/wp-json\/wp\/v2\/product\/16821","targetHints":{"allow":["GET"]}}],"collection":[{"href":"https:\/\/uj.adatbank.ro\/lexikon\/wp-json\/wp\/v2\/product"}],"about":[{"href":"https:\/\/uj.adatbank.ro\/lexikon\/wp-json\/wp\/v2\/types\/product"}],"replies":[{"embeddable":true,"href":"https:\/\/uj.adatbank.ro\/lexikon\/wp-json\/wp\/v2\/comments?post=16821"}],"wp:attachment":[{"href":"https:\/\/uj.adatbank.ro\/lexikon\/wp-json\/wp\/v2\/media?parent=16821"}],"wp:term":[{"taxonomy":"product_brand","embeddable":true,"href":"https:\/\/uj.adatbank.ro\/lexikon\/wp-json\/wp\/v2\/product_brand?post=16821"},{"taxonomy":"product_cat","embeddable":true,"href":"https:\/\/uj.adatbank.ro\/lexikon\/wp-json\/wp\/v2\/product_cat?post=16821"},{"taxonomy":"product_tag","embeddable":true,"href":"https:\/\/uj.adatbank.ro\/lexikon\/wp-json\/wp\/v2\/product_tag?post=16821"}],"curies":[{"name":"wp","href":"https:\/\/api.w.org\/{rel}","templated":true}]}}