{"id":16822,"date":"2025-07-15T23:31:34","date_gmt":"2025-07-15T21:31:34","guid":{"rendered":"https:\/\/uj.adatbank.ro\/lexikon\/termek\/nistor-iuliu\/"},"modified":"2025-07-15T23:31:34","modified_gmt":"2025-07-15T21:31:34","slug":"nistor-iuliu","status":"publish","type":"product","link":"https:\/\/uj.adatbank.ro\/lexikon\/termek\/nistor-iuliu\/","title":{"rendered":"NISTOR, Iuliu"},"content":{"rendered":"<p>? \u2020 ?: g. kat. pap. \u2013 Bal\u00e1zsfalva revizora \u00e9s k\u00e1pl\u00e1nja volt. Mv.-en volt pap (1910\u2013). Amikor l\u00e9trehozt\u00e1k Hajd\u00fadorogon a g. kat. p\u00fcsp\u00f6ks\u00e9get, esperesi sz\u00e9khely\u00e9t Mez\u0151b\u00e1ndra k\u00f6lt\u00f6ztette (1913). Az I. vh. kit\u00f6r\u00e9se ut\u00e1n letart\u00f3ztatt\u00e1k, \u00e9s Sopronba intern\u00e1l\u00e1k (1916), vissza ker\u00fclt Mv.-re (1918). A h\u00e1bor\u00fa befejez\u00e9se ut\u00e1n k\u00fclf\u00f6ld\u00f6n telepedett le csal\u00e1dj\u00e1val egy\u00fctt. <br \/><strong>Irod.:<\/strong> \u015eincan 2006; Traian Popa<\/br><\/p>\n","protected":false},"excerpt":{"rendered":"<p>? \u2020 ?: g. kat. pap. \u2013 Bal\u00e1zsfalva revizora \u00e9s k\u00e1pl\u00e1nja volt. Mv.-en volt pap (1910\u2013). Amikor l\u00e9trehozt\u00e1k Hajd\u00fadorogon a g. kat. p\u00fcsp\u00f6ks\u00e9get, esperesi sz\u00e9khely\u00e9t Mez\u0151b\u00e1ndra k\u00f6lt\u00f6ztette (1913). Az I. vh. kit\u00f6r\u00e9se ut\u00e1n letart\u00f3ztatt\u00e1k, \u00e9s Sopronba intern\u00e1l\u00e1k (1916), vissza ker\u00fclt Mv.-re (1918). A h\u00e1bor\u00fa befejez\u00e9se ut\u00e1n k\u00fclf\u00f6ld\u00f6n telepedett le csal\u00e1dj\u00e1val egy\u00fctt. Irod.: \u015eincan 2006; Traian [&hellip;]<\/p>\n","protected":false},"featured_media":0,"comment_status":"open","ping_status":"closed","template":"","meta":[],"product_brand":[],"product_cat":[137],"product_tag":[],"class_list":{"0":"post-16822","1":"product","2":"type-product","3":"status-publish","5":"product_cat-maros-megyei-eletrajzi-lexikon","7":"first","8":"instock","9":"shipping-taxable","10":"product-type-simple"},"_links":{"self":[{"href":"https:\/\/uj.adatbank.ro\/lexikon\/wp-json\/wp\/v2\/product\/16822","targetHints":{"allow":["GET"]}}],"collection":[{"href":"https:\/\/uj.adatbank.ro\/lexikon\/wp-json\/wp\/v2\/product"}],"about":[{"href":"https:\/\/uj.adatbank.ro\/lexikon\/wp-json\/wp\/v2\/types\/product"}],"replies":[{"embeddable":true,"href":"https:\/\/uj.adatbank.ro\/lexikon\/wp-json\/wp\/v2\/comments?post=16822"}],"wp:attachment":[{"href":"https:\/\/uj.adatbank.ro\/lexikon\/wp-json\/wp\/v2\/media?parent=16822"}],"wp:term":[{"taxonomy":"product_brand","embeddable":true,"href":"https:\/\/uj.adatbank.ro\/lexikon\/wp-json\/wp\/v2\/product_brand?post=16822"},{"taxonomy":"product_cat","embeddable":true,"href":"https:\/\/uj.adatbank.ro\/lexikon\/wp-json\/wp\/v2\/product_cat?post=16822"},{"taxonomy":"product_tag","embeddable":true,"href":"https:\/\/uj.adatbank.ro\/lexikon\/wp-json\/wp\/v2\/product_tag?post=16822"}],"curies":[{"name":"wp","href":"https:\/\/api.w.org\/{rel}","templated":true}]}}