{"id":16824,"date":"2025-07-15T23:31:38","date_gmt":"2025-07-15T21:31:38","guid":{"rendered":"https:\/\/uj.adatbank.ro\/lexikon\/termek\/nistor-olofir-%c2%a7-id\/"},"modified":"2025-07-15T23:31:38","modified_gmt":"2025-07-15T21:31:38","slug":"nistor-olofir-%c2%a7-id","status":"publish","type":"product","link":"https:\/\/uj.adatbank.ro\/lexikon\/termek\/nistor-olofir-%c2%a7-id\/","title":{"rendered":"NISTOR, Olofir, \u00a7 id."},"content":{"rendered":"<p>Gyul\u00e1s, ? \u2020 Gyul\u00e1s, 1938: munk\u00e1s. \u2013 Eugeniu Nistor monogr\u00e1fia\u00edr\u00f3 apai nagyapja. \u2013 Elment az AE\u00c1-ba dolgozni (1912\u201326). Hazaj\u00f6tt, f\u00f6ldet v\u00e1s\u00e1rolt, megn\u0151s\u00fclt, majd \u00fajb\u00f3l visszament Amerik\u00e1ba, Klivelandba (1926\u201328). <br \/><strong>Irod.:<\/strong> Giulu\u015f<\/br><\/p>\n","protected":false},"excerpt":{"rendered":"<p>Gyul\u00e1s, ? \u2020 Gyul\u00e1s, 1938: munk\u00e1s. \u2013 Eugeniu Nistor monogr\u00e1fia\u00edr\u00f3 apai nagyapja. \u2013 Elment az AE\u00c1-ba dolgozni (1912\u201326). Hazaj\u00f6tt, f\u00f6ldet v\u00e1s\u00e1rolt, megn\u0151s\u00fclt, majd \u00fajb\u00f3l visszament Amerik\u00e1ba, Klivelandba (1926\u201328). Irod.: Giulu\u015f<\/p>\n","protected":false},"featured_media":0,"comment_status":"open","ping_status":"closed","template":"","meta":[],"product_brand":[],"product_cat":[137],"product_tag":[],"class_list":{"0":"post-16824","1":"product","2":"type-product","3":"status-publish","5":"product_cat-maros-megyei-eletrajzi-lexikon","7":"first","8":"instock","9":"shipping-taxable","10":"product-type-simple"},"_links":{"self":[{"href":"https:\/\/uj.adatbank.ro\/lexikon\/wp-json\/wp\/v2\/product\/16824","targetHints":{"allow":["GET"]}}],"collection":[{"href":"https:\/\/uj.adatbank.ro\/lexikon\/wp-json\/wp\/v2\/product"}],"about":[{"href":"https:\/\/uj.adatbank.ro\/lexikon\/wp-json\/wp\/v2\/types\/product"}],"replies":[{"embeddable":true,"href":"https:\/\/uj.adatbank.ro\/lexikon\/wp-json\/wp\/v2\/comments?post=16824"}],"wp:attachment":[{"href":"https:\/\/uj.adatbank.ro\/lexikon\/wp-json\/wp\/v2\/media?parent=16824"}],"wp:term":[{"taxonomy":"product_brand","embeddable":true,"href":"https:\/\/uj.adatbank.ro\/lexikon\/wp-json\/wp\/v2\/product_brand?post=16824"},{"taxonomy":"product_cat","embeddable":true,"href":"https:\/\/uj.adatbank.ro\/lexikon\/wp-json\/wp\/v2\/product_cat?post=16824"},{"taxonomy":"product_tag","embeddable":true,"href":"https:\/\/uj.adatbank.ro\/lexikon\/wp-json\/wp\/v2\/product_tag?post=16824"}],"curies":[{"name":"wp","href":"https:\/\/api.w.org\/{rel}","templated":true}]}}