{"id":16825,"date":"2025-07-15T23:31:39","date_gmt":"2025-07-15T21:31:39","guid":{"rendered":"https:\/\/uj.adatbank.ro\/lexikon\/termek\/nitescu-paul-mircea\/"},"modified":"2025-07-15T23:31:39","modified_gmt":"2025-07-15T21:31:39","slug":"nitescu-paul-mircea","status":"publish","type":"product","link":"https:\/\/uj.adatbank.ro\/lexikon\/termek\/nitescu-paul-mircea\/","title":{"rendered":"NI\u0162ESCU, Paul-Mircea"},"content":{"rendered":"<p>1952., \u2020 Mv., 2010. \u00e1pr. 8.: orvos. A MOGYI-n v\u00e9gzett (1978). Szem\u00e9szeti Klinik\u00e1n szakorvos Mv.-en. <br \/><strong>Irod.:<\/strong> Kiss\u2013P\u00e9terffy\u2013P\u00e9terffy; Kiss Cs. M 4.; [Nekrol\u00f3g], (N\u00fa., 2010. \u00e1pr. 10.)<\/br><\/p>\n","protected":false},"excerpt":{"rendered":"<p>1952., \u2020 Mv., 2010. \u00e1pr. 8.: orvos. A MOGYI-n v\u00e9gzett (1978). Szem\u00e9szeti Klinik\u00e1n szakorvos Mv.-en. Irod.: Kiss\u2013P\u00e9terffy\u2013P\u00e9terffy; Kiss Cs. M 4.; [Nekrol\u00f3g], (N\u00fa., 2010. \u00e1pr. 10.)<\/p>\n","protected":false},"featured_media":0,"comment_status":"open","ping_status":"closed","template":"","meta":[],"product_brand":[],"product_cat":[137],"product_tag":[],"class_list":{"0":"post-16825","1":"product","2":"type-product","3":"status-publish","5":"product_cat-maros-megyei-eletrajzi-lexikon","7":"first","8":"instock","9":"shipping-taxable","10":"product-type-simple"},"_links":{"self":[{"href":"https:\/\/uj.adatbank.ro\/lexikon\/wp-json\/wp\/v2\/product\/16825","targetHints":{"allow":["GET"]}}],"collection":[{"href":"https:\/\/uj.adatbank.ro\/lexikon\/wp-json\/wp\/v2\/product"}],"about":[{"href":"https:\/\/uj.adatbank.ro\/lexikon\/wp-json\/wp\/v2\/types\/product"}],"replies":[{"embeddable":true,"href":"https:\/\/uj.adatbank.ro\/lexikon\/wp-json\/wp\/v2\/comments?post=16825"}],"wp:attachment":[{"href":"https:\/\/uj.adatbank.ro\/lexikon\/wp-json\/wp\/v2\/media?parent=16825"}],"wp:term":[{"taxonomy":"product_brand","embeddable":true,"href":"https:\/\/uj.adatbank.ro\/lexikon\/wp-json\/wp\/v2\/product_brand?post=16825"},{"taxonomy":"product_cat","embeddable":true,"href":"https:\/\/uj.adatbank.ro\/lexikon\/wp-json\/wp\/v2\/product_cat?post=16825"},{"taxonomy":"product_tag","embeddable":true,"href":"https:\/\/uj.adatbank.ro\/lexikon\/wp-json\/wp\/v2\/product_tag?post=16825"}],"curies":[{"name":"wp","href":"https:\/\/api.w.org\/{rel}","templated":true}]}}