{"id":16826,"date":"2025-07-15T23:31:42","date_gmt":"2025-07-15T21:31:42","guid":{"rendered":"https:\/\/uj.adatbank.ro\/lexikon\/termek\/nits-marton\/"},"modified":"2025-07-15T23:31:42","modified_gmt":"2025-07-15T21:31:42","slug":"nits-marton","status":"publish","type":"product","link":"https:\/\/uj.adatbank.ro\/lexikon\/termek\/nits-marton\/","title":{"rendered":"NITS M\u00e1rton"},"content":{"rendered":"<p>D\u00e9s, 1900., \u2020 ?: gy\u00e1ros. \u2013 K\u00f6z\u00e9piskol\u00e1it D\u00e9sen, Szamos\u00fajv\u00e1ron v\u00e9gezte, majd Bp.-en a Fels\u0151ipariskola elv\u00e9gz\u00e9se ut\u00e1n gy\u00f3gyszerdobozgy\u00e1rat l\u00e9tes\u00edtett Szamos\u00fajv\u00e1ron, azut\u00e1n Sz\u00e1szr\u00e9genben Fak\u00e9reg \u2013 \u00e9s Ecsetforg\u00e1cs \u00fczemet alap\u00edtott (1930). A ref. egyh\u00e1z presbitere, a MP tagja, a Magyar Kaszin\u00f3 \u00e9s az Ip. Olvas\u00f3k\u00f6r tagja volt.. <br \/><strong>Irod.:<\/strong> Sz\u00e9kelyf\u00f6ld \u00ed.k.<\/br><\/p>\n","protected":false},"excerpt":{"rendered":"<p>D\u00e9s, 1900., \u2020 ?: gy\u00e1ros. \u2013 K\u00f6z\u00e9piskol\u00e1it D\u00e9sen, Szamos\u00fajv\u00e1ron v\u00e9gezte, majd Bp.-en a Fels\u0151ipariskola elv\u00e9gz\u00e9se ut\u00e1n gy\u00f3gyszerdobozgy\u00e1rat l\u00e9tes\u00edtett Szamos\u00fajv\u00e1ron, azut\u00e1n Sz\u00e1szr\u00e9genben Fak\u00e9reg \u2013 \u00e9s Ecsetforg\u00e1cs \u00fczemet alap\u00edtott (1930). A ref. egyh\u00e1z presbitere, a MP tagja, a Magyar Kaszin\u00f3 \u00e9s az Ip. Olvas\u00f3k\u00f6r tagja volt.. Irod.: Sz\u00e9kelyf\u00f6ld \u00ed.k.<\/p>\n","protected":false},"featured_media":0,"comment_status":"open","ping_status":"closed","template":"","meta":[],"product_brand":[],"product_cat":[137],"product_tag":[],"class_list":{"0":"post-16826","1":"product","2":"type-product","3":"status-publish","5":"product_cat-maros-megyei-eletrajzi-lexikon","7":"first","8":"instock","9":"shipping-taxable","10":"product-type-simple"},"_links":{"self":[{"href":"https:\/\/uj.adatbank.ro\/lexikon\/wp-json\/wp\/v2\/product\/16826","targetHints":{"allow":["GET"]}}],"collection":[{"href":"https:\/\/uj.adatbank.ro\/lexikon\/wp-json\/wp\/v2\/product"}],"about":[{"href":"https:\/\/uj.adatbank.ro\/lexikon\/wp-json\/wp\/v2\/types\/product"}],"replies":[{"embeddable":true,"href":"https:\/\/uj.adatbank.ro\/lexikon\/wp-json\/wp\/v2\/comments?post=16826"}],"wp:attachment":[{"href":"https:\/\/uj.adatbank.ro\/lexikon\/wp-json\/wp\/v2\/media?parent=16826"}],"wp:term":[{"taxonomy":"product_brand","embeddable":true,"href":"https:\/\/uj.adatbank.ro\/lexikon\/wp-json\/wp\/v2\/product_brand?post=16826"},{"taxonomy":"product_cat","embeddable":true,"href":"https:\/\/uj.adatbank.ro\/lexikon\/wp-json\/wp\/v2\/product_cat?post=16826"},{"taxonomy":"product_tag","embeddable":true,"href":"https:\/\/uj.adatbank.ro\/lexikon\/wp-json\/wp\/v2\/product_tag?post=16826"}],"curies":[{"name":"wp","href":"https:\/\/api.w.org\/{rel}","templated":true}]}}