{"id":16827,"date":"2025-07-15T23:31:44","date_gmt":"2025-07-15T21:31:44","guid":{"rendered":"https:\/\/uj.adatbank.ro\/lexikon\/termek\/nits-tiberiu-nits-tibor\/"},"modified":"2025-07-15T23:31:44","modified_gmt":"2025-07-15T21:31:44","slug":"nits-tiberiu-nits-tibor","status":"publish","type":"product","link":"https:\/\/uj.adatbank.ro\/lexikon\/termek\/nits-tiberiu-nits-tibor\/","title":{"rendered":"NITS Tiberiu, Nits Tibor"},"content":{"rendered":"<p>? \u2020 Mv., 2004. m\u00e1rc. 30.: \u00e9p\u00edt\u00e9szm\u00e9rn\u00f6k. <br \/><strong>Irod.:<\/strong> [Nekrol\u00f3g] (N\u00fa., 2004 m\u00e1rc. 31.)<\/br><\/p>\n","protected":false},"excerpt":{"rendered":"<p>? \u2020 Mv., 2004. m\u00e1rc. 30.: \u00e9p\u00edt\u00e9szm\u00e9rn\u00f6k. Irod.: [Nekrol\u00f3g] (N\u00fa., 2004 m\u00e1rc. 31.)<\/p>\n","protected":false},"featured_media":0,"comment_status":"open","ping_status":"closed","template":"","meta":[],"product_brand":[],"product_cat":[137],"product_tag":[],"class_list":{"0":"post-16827","1":"product","2":"type-product","3":"status-publish","5":"product_cat-maros-megyei-eletrajzi-lexikon","7":"first","8":"instock","9":"shipping-taxable","10":"product-type-simple"},"_links":{"self":[{"href":"https:\/\/uj.adatbank.ro\/lexikon\/wp-json\/wp\/v2\/product\/16827","targetHints":{"allow":["GET"]}}],"collection":[{"href":"https:\/\/uj.adatbank.ro\/lexikon\/wp-json\/wp\/v2\/product"}],"about":[{"href":"https:\/\/uj.adatbank.ro\/lexikon\/wp-json\/wp\/v2\/types\/product"}],"replies":[{"embeddable":true,"href":"https:\/\/uj.adatbank.ro\/lexikon\/wp-json\/wp\/v2\/comments?post=16827"}],"wp:attachment":[{"href":"https:\/\/uj.adatbank.ro\/lexikon\/wp-json\/wp\/v2\/media?parent=16827"}],"wp:term":[{"taxonomy":"product_brand","embeddable":true,"href":"https:\/\/uj.adatbank.ro\/lexikon\/wp-json\/wp\/v2\/product_brand?post=16827"},{"taxonomy":"product_cat","embeddable":true,"href":"https:\/\/uj.adatbank.ro\/lexikon\/wp-json\/wp\/v2\/product_cat?post=16827"},{"taxonomy":"product_tag","embeddable":true,"href":"https:\/\/uj.adatbank.ro\/lexikon\/wp-json\/wp\/v2\/product_tag?post=16827"}],"curies":[{"name":"wp","href":"https:\/\/api.w.org\/{rel}","templated":true}]}}