{"id":1683,"date":"2025-06-28T11:49:56","date_gmt":"2025-06-28T09:49:56","guid":{"rendered":"https:\/\/uj.adatbank.ro\/lexikon\/termek\/ajtai-mihaly-2\/"},"modified":"2025-06-28T11:49:56","modified_gmt":"2025-06-28T09:49:56","slug":"ajtai-mihaly-2","status":"publish","type":"product","link":"https:\/\/uj.adatbank.ro\/lexikon\/termek\/ajtai-mihaly-2\/","title":{"rendered":"AJTAI Mih\u00e1ly"},"content":{"rendered":"<p>1812.?, \u2020 Mv., 1881. okt. 27.: polg\u00e1rmester \u2013 Feles\u00e9ge: Verz\u00e1r Lucza. \u2013 Mv.-en 48 \u00e9vig szolg\u00e1lta a v\u00e1rost mint \u00edrnok, aljegyz\u0151, v\u00e1rosi tan\u00e1csos (1847\u201349), majd a v\u00e1ros polg\u00e1rmestere (1875\u201380). <br \/><strong>Irod.:<\/strong> Gy\u00e1szjelent\u0151; Id\u0151t\u00e1r 2.; Kusz\u00e1lik\u2013Zal\u00e1nyi; [Nekrol\u00f3g] (Erd\u00e9lyi \u00c9rtes\u00edt\u0151, 1881. dec. 11); \u00d6kr\u00f6s; P\u00e1l-Antal 2002; P\u00e1l-Antal 2003; P\u00e1l-Antal 2004<\/br><\/p>\n","protected":false},"excerpt":{"rendered":"<p>1812.?, \u2020 Mv., 1881. okt. 27.: polg\u00e1rmester \u2013 Feles\u00e9ge: Verz\u00e1r Lucza. \u2013 Mv.-en 48 \u00e9vig szolg\u00e1lta a v\u00e1rost mint \u00edrnok, aljegyz\u0151, v\u00e1rosi tan\u00e1csos (1847\u201349), majd a v\u00e1ros polg\u00e1rmestere (1875\u201380). Irod.: Gy\u00e1szjelent\u0151; Id\u0151t\u00e1r 2.; Kusz\u00e1lik\u2013Zal\u00e1nyi; [Nekrol\u00f3g] (Erd\u00e9lyi \u00c9rtes\u00edt\u0151, 1881. dec. 11); \u00d6kr\u00f6s; P\u00e1l-Antal 2002; P\u00e1l-Antal 2003; P\u00e1l-Antal 2004<\/p>\n","protected":false},"featured_media":0,"comment_status":"open","ping_status":"closed","template":"","meta":[],"product_brand":[],"product_cat":[137],"product_tag":[],"class_list":{"0":"post-1683","1":"product","2":"type-product","3":"status-publish","5":"product_cat-maros-megyei-eletrajzi-lexikon","7":"first","8":"instock","9":"shipping-taxable","10":"product-type-simple"},"_links":{"self":[{"href":"https:\/\/uj.adatbank.ro\/lexikon\/wp-json\/wp\/v2\/product\/1683","targetHints":{"allow":["GET"]}}],"collection":[{"href":"https:\/\/uj.adatbank.ro\/lexikon\/wp-json\/wp\/v2\/product"}],"about":[{"href":"https:\/\/uj.adatbank.ro\/lexikon\/wp-json\/wp\/v2\/types\/product"}],"replies":[{"embeddable":true,"href":"https:\/\/uj.adatbank.ro\/lexikon\/wp-json\/wp\/v2\/comments?post=1683"}],"wp:attachment":[{"href":"https:\/\/uj.adatbank.ro\/lexikon\/wp-json\/wp\/v2\/media?parent=1683"}],"wp:term":[{"taxonomy":"product_brand","embeddable":true,"href":"https:\/\/uj.adatbank.ro\/lexikon\/wp-json\/wp\/v2\/product_brand?post=1683"},{"taxonomy":"product_cat","embeddable":true,"href":"https:\/\/uj.adatbank.ro\/lexikon\/wp-json\/wp\/v2\/product_cat?post=1683"},{"taxonomy":"product_tag","embeddable":true,"href":"https:\/\/uj.adatbank.ro\/lexikon\/wp-json\/wp\/v2\/product_tag?post=1683"}],"curies":[{"name":"wp","href":"https:\/\/api.w.org\/{rel}","templated":true}]}}