{"id":16830,"date":"2025-07-15T23:31:50","date_gmt":"2025-07-15T21:31:50","guid":{"rendered":"https:\/\/uj.adatbank.ro\/lexikon\/termek\/noe-elek\/"},"modified":"2025-07-15T23:31:50","modified_gmt":"2025-07-15T21:31:50","slug":"noe-elek","status":"publish","type":"product","link":"https:\/\/uj.adatbank.ro\/lexikon\/termek\/noe-elek\/","title":{"rendered":"NO\u00c9 Elek"},"content":{"rendered":"<p>Retteg, 1899., \u2020 Mv., 1944. m\u00e1j. 29.: s\u00fct\u0151mester. \u2013 Iskol\u00e1i elv\u00e9gz\u00e9se ut\u00e1n a s\u00fct\u0151iparban szabadult fel, Mv.-en n\u00e9gy kemenc\u00e9s modern \u00fczeme volt. A j\u00f3t\u00e9kony \u00e9s hazafias egyes\u00fcletek t\u00e1mogat\u00f3ja volt.. <br \/><strong>Irod.:<\/strong> Sz\u00e9kelyf\u00f6ld \u00ed.k.<\/br><\/p>\n","protected":false},"excerpt":{"rendered":"<p>Retteg, 1899., \u2020 Mv., 1944. m\u00e1j. 29.: s\u00fct\u0151mester. \u2013 Iskol\u00e1i elv\u00e9gz\u00e9se ut\u00e1n a s\u00fct\u0151iparban szabadult fel, Mv.-en n\u00e9gy kemenc\u00e9s modern \u00fczeme volt. A j\u00f3t\u00e9kony \u00e9s hazafias egyes\u00fcletek t\u00e1mogat\u00f3ja volt.. Irod.: Sz\u00e9kelyf\u00f6ld \u00ed.k.<\/p>\n","protected":false},"featured_media":0,"comment_status":"open","ping_status":"closed","template":"","meta":[],"product_brand":[],"product_cat":[137],"product_tag":[],"class_list":{"0":"post-16830","1":"product","2":"type-product","3":"status-publish","5":"product_cat-maros-megyei-eletrajzi-lexikon","7":"first","8":"instock","9":"shipping-taxable","10":"product-type-simple"},"_links":{"self":[{"href":"https:\/\/uj.adatbank.ro\/lexikon\/wp-json\/wp\/v2\/product\/16830","targetHints":{"allow":["GET"]}}],"collection":[{"href":"https:\/\/uj.adatbank.ro\/lexikon\/wp-json\/wp\/v2\/product"}],"about":[{"href":"https:\/\/uj.adatbank.ro\/lexikon\/wp-json\/wp\/v2\/types\/product"}],"replies":[{"embeddable":true,"href":"https:\/\/uj.adatbank.ro\/lexikon\/wp-json\/wp\/v2\/comments?post=16830"}],"wp:attachment":[{"href":"https:\/\/uj.adatbank.ro\/lexikon\/wp-json\/wp\/v2\/media?parent=16830"}],"wp:term":[{"taxonomy":"product_brand","embeddable":true,"href":"https:\/\/uj.adatbank.ro\/lexikon\/wp-json\/wp\/v2\/product_brand?post=16830"},{"taxonomy":"product_cat","embeddable":true,"href":"https:\/\/uj.adatbank.ro\/lexikon\/wp-json\/wp\/v2\/product_cat?post=16830"},{"taxonomy":"product_tag","embeddable":true,"href":"https:\/\/uj.adatbank.ro\/lexikon\/wp-json\/wp\/v2\/product_tag?post=16830"}],"curies":[{"name":"wp","href":"https:\/\/api.w.org\/{rel}","templated":true}]}}