{"id":16831,"date":"2025-07-15T23:31:52","date_gmt":"2025-07-15T21:31:52","guid":{"rendered":"https:\/\/uj.adatbank.ro\/lexikon\/termek\/nosner-istvan\/"},"modified":"2025-07-15T23:31:52","modified_gmt":"2025-07-15T21:31:52","slug":"nosner-istvan","status":"publish","type":"product","link":"https:\/\/uj.adatbank.ro\/lexikon\/termek\/nosner-istvan\/","title":{"rendered":"N\u00d6SNER Istv\u00e1n"},"content":{"rendered":"<p>Sz\u00e1sz\u00f6rm\u00e9nyes, 1898., \u2020 ?: tisztvisel\u0151 Mv.-en. \u2013 R\u00e9szt vett az els\u0151 vh.-ban (1916\u201318), az orosz, szerb, alb\u00e1n fronton harcolt., szerb fogs\u00e1gba esett. Z\u00e1szl\u00f3si rangban szerelt le kit\u00fcntett\u00e9k. <br \/><strong>Irod.:<\/strong> Erd\u00e9lyi ezredek<\/br><\/p>\n","protected":false},"excerpt":{"rendered":"<p>Sz\u00e1sz\u00f6rm\u00e9nyes, 1898., \u2020 ?: tisztvisel\u0151 Mv.-en. \u2013 R\u00e9szt vett az els\u0151 vh.-ban (1916\u201318), az orosz, szerb, alb\u00e1n fronton harcolt., szerb fogs\u00e1gba esett. Z\u00e1szl\u00f3si rangban szerelt le kit\u00fcntett\u00e9k. Irod.: Erd\u00e9lyi ezredek<\/p>\n","protected":false},"featured_media":0,"comment_status":"open","ping_status":"closed","template":"","meta":[],"product_brand":[],"product_cat":[137],"product_tag":[],"class_list":{"0":"post-16831","1":"product","2":"type-product","3":"status-publish","5":"product_cat-maros-megyei-eletrajzi-lexikon","7":"first","8":"instock","9":"shipping-taxable","10":"product-type-simple"},"_links":{"self":[{"href":"https:\/\/uj.adatbank.ro\/lexikon\/wp-json\/wp\/v2\/product\/16831","targetHints":{"allow":["GET"]}}],"collection":[{"href":"https:\/\/uj.adatbank.ro\/lexikon\/wp-json\/wp\/v2\/product"}],"about":[{"href":"https:\/\/uj.adatbank.ro\/lexikon\/wp-json\/wp\/v2\/types\/product"}],"replies":[{"embeddable":true,"href":"https:\/\/uj.adatbank.ro\/lexikon\/wp-json\/wp\/v2\/comments?post=16831"}],"wp:attachment":[{"href":"https:\/\/uj.adatbank.ro\/lexikon\/wp-json\/wp\/v2\/media?parent=16831"}],"wp:term":[{"taxonomy":"product_brand","embeddable":true,"href":"https:\/\/uj.adatbank.ro\/lexikon\/wp-json\/wp\/v2\/product_brand?post=16831"},{"taxonomy":"product_cat","embeddable":true,"href":"https:\/\/uj.adatbank.ro\/lexikon\/wp-json\/wp\/v2\/product_cat?post=16831"},{"taxonomy":"product_tag","embeddable":true,"href":"https:\/\/uj.adatbank.ro\/lexikon\/wp-json\/wp\/v2\/product_tag?post=16831"}],"curies":[{"name":"wp","href":"https:\/\/api.w.org\/{rel}","templated":true}]}}