{"id":16834,"date":"2025-07-15T23:31:59","date_gmt":"2025-07-15T21:31:59","guid":{"rendered":"https:\/\/uj.adatbank.ro\/lexikon\/termek\/novak-torockszentgyorgyi\/"},"modified":"2025-07-15T23:31:59","modified_gmt":"2025-07-15T21:31:59","slug":"novak-torockszentgyorgyi","status":"publish","type":"product","link":"https:\/\/uj.adatbank.ro\/lexikon\/termek\/novak-torockszentgyorgyi\/","title":{"rendered":"NOV\u00c1K, torockszentgy\u00f6rgyi"},"content":{"rendered":"<p>Ez az \u00f6rm\u00e9ny csal\u00e1d c\u00edmeres nemeslevelet M\u00e1ria Ter\u00e9zia uralkod\u00f3t\u00f3l nyert (1753. j\u00fal. 30.). <br \/><strong>Irod.:<\/strong> P\u00e1lmay Nov\u00e1k Ern\u0151 \u2013 1667<\/br><\/p>\n","protected":false},"excerpt":{"rendered":"<p>Ez az \u00f6rm\u00e9ny csal\u00e1d c\u00edmeres nemeslevelet M\u00e1ria Ter\u00e9zia uralkod\u00f3t\u00f3l nyert (1753. j\u00fal. 30.). Irod.: P\u00e1lmay Nov\u00e1k Ern\u0151 \u2013 1667<\/p>\n","protected":false},"featured_media":0,"comment_status":"open","ping_status":"closed","template":"","meta":[],"product_brand":[],"product_cat":[137],"product_tag":[],"class_list":{"0":"post-16834","1":"product","2":"type-product","3":"status-publish","5":"product_cat-maros-megyei-eletrajzi-lexikon","7":"first","8":"instock","9":"shipping-taxable","10":"product-type-simple"},"_links":{"self":[{"href":"https:\/\/uj.adatbank.ro\/lexikon\/wp-json\/wp\/v2\/product\/16834","targetHints":{"allow":["GET"]}}],"collection":[{"href":"https:\/\/uj.adatbank.ro\/lexikon\/wp-json\/wp\/v2\/product"}],"about":[{"href":"https:\/\/uj.adatbank.ro\/lexikon\/wp-json\/wp\/v2\/types\/product"}],"replies":[{"embeddable":true,"href":"https:\/\/uj.adatbank.ro\/lexikon\/wp-json\/wp\/v2\/comments?post=16834"}],"wp:attachment":[{"href":"https:\/\/uj.adatbank.ro\/lexikon\/wp-json\/wp\/v2\/media?parent=16834"}],"wp:term":[{"taxonomy":"product_brand","embeddable":true,"href":"https:\/\/uj.adatbank.ro\/lexikon\/wp-json\/wp\/v2\/product_brand?post=16834"},{"taxonomy":"product_cat","embeddable":true,"href":"https:\/\/uj.adatbank.ro\/lexikon\/wp-json\/wp\/v2\/product_cat?post=16834"},{"taxonomy":"product_tag","embeddable":true,"href":"https:\/\/uj.adatbank.ro\/lexikon\/wp-json\/wp\/v2\/product_tag?post=16834"}],"curies":[{"name":"wp","href":"https:\/\/api.w.org\/{rel}","templated":true}]}}