{"id":16835,"date":"2025-07-15T23:32:01","date_gmt":"2025-07-15T21:32:01","guid":{"rendered":"https:\/\/uj.adatbank.ro\/lexikon\/termek\/novak-adeodat\/"},"modified":"2025-07-15T23:32:01","modified_gmt":"2025-07-15T21:32:01","slug":"novak-adeodat","status":"publish","type":"product","link":"https:\/\/uj.adatbank.ro\/lexikon\/termek\/novak-adeodat\/","title":{"rendered":"NOV\u00c1K Adeod\u00e1t"},"content":{"rendered":"<p>1744 \u2020 Mv., 1826. febr. 16 82 \u00e9ves kor\u00e1ban: \u00f6rm\u00e9ny keresked\u0151. \u2013 Feles\u00e9ge Lengyel Anna (1758 \u2013 1833 75 \u00e9ves). Gyermekei: Antal Jakab J\u00e1nos (1792\u20131797), M\u00e1ria (1795\u2013), J\u00e1nos (1797.\u2013). <br \/><strong>Irod.:<\/strong> P\u00e1l-Antal S\u00e1ndor: \u00d6rm\u00e9nyek Mv.-en 1848 el\u0151tt = Pusk\u00e1s-Sz\u00e1sz \u00c1v\u00e9d<\/br><\/p>\n","protected":false},"excerpt":{"rendered":"<p>1744 \u2020 Mv., 1826. febr. 16 82 \u00e9ves kor\u00e1ban: \u00f6rm\u00e9ny keresked\u0151. \u2013 Feles\u00e9ge Lengyel Anna (1758 \u2013 1833 75 \u00e9ves). Gyermekei: Antal Jakab J\u00e1nos (1792\u20131797), M\u00e1ria (1795\u2013), J\u00e1nos (1797.\u2013). Irod.: P\u00e1l-Antal S\u00e1ndor: \u00d6rm\u00e9nyek Mv.-en 1848 el\u0151tt = Pusk\u00e1s-Sz\u00e1sz \u00c1v\u00e9d<\/p>\n","protected":false},"featured_media":0,"comment_status":"open","ping_status":"closed","template":"","meta":[],"product_brand":[],"product_cat":[137],"product_tag":[],"class_list":{"0":"post-16835","1":"product","2":"type-product","3":"status-publish","5":"product_cat-maros-megyei-eletrajzi-lexikon","7":"first","8":"instock","9":"shipping-taxable","10":"product-type-simple"},"_links":{"self":[{"href":"https:\/\/uj.adatbank.ro\/lexikon\/wp-json\/wp\/v2\/product\/16835","targetHints":{"allow":["GET"]}}],"collection":[{"href":"https:\/\/uj.adatbank.ro\/lexikon\/wp-json\/wp\/v2\/product"}],"about":[{"href":"https:\/\/uj.adatbank.ro\/lexikon\/wp-json\/wp\/v2\/types\/product"}],"replies":[{"embeddable":true,"href":"https:\/\/uj.adatbank.ro\/lexikon\/wp-json\/wp\/v2\/comments?post=16835"}],"wp:attachment":[{"href":"https:\/\/uj.adatbank.ro\/lexikon\/wp-json\/wp\/v2\/media?parent=16835"}],"wp:term":[{"taxonomy":"product_brand","embeddable":true,"href":"https:\/\/uj.adatbank.ro\/lexikon\/wp-json\/wp\/v2\/product_brand?post=16835"},{"taxonomy":"product_cat","embeddable":true,"href":"https:\/\/uj.adatbank.ro\/lexikon\/wp-json\/wp\/v2\/product_cat?post=16835"},{"taxonomy":"product_tag","embeddable":true,"href":"https:\/\/uj.adatbank.ro\/lexikon\/wp-json\/wp\/v2\/product_tag?post=16835"}],"curies":[{"name":"wp","href":"https:\/\/api.w.org\/{rel}","templated":true}]}}