{"id":16836,"date":"2025-07-15T23:32:03","date_gmt":"2025-07-15T21:32:03","guid":{"rendered":"https:\/\/uj.adatbank.ro\/lexikon\/termek\/novak-antal\/"},"modified":"2025-07-15T23:32:03","modified_gmt":"2025-07-15T21:32:03","slug":"novak-antal","status":"publish","type":"product","link":"https:\/\/uj.adatbank.ro\/lexikon\/termek\/novak-antal\/","title":{"rendered":"NOV\u00c1K Antal"},"content":{"rendered":"<p>? \u2020 ?: \u00f6rm\u00e9ny keresked\u0151 Mv.-en. \u2013 Feles\u00e9ge Zakari\u00e1s Roz\u00e1lia. Gyermekei: Anna (1813\u2013), M\u00e1rton Ferenc (1814\u20131842), J\u00e1nos Istv\u00e1n (1816\u2013). \u2013 Irod: P\u00e1l-Antal S\u00e1ndor: \u00d6rm\u00e9nyek Mv.-en 1848 el\u0151tt = Pusk\u00e1s-Sz\u00e1sz \u00c1v\u00e9d<\/br><\/p>\n","protected":false},"excerpt":{"rendered":"<p>? \u2020 ?: \u00f6rm\u00e9ny keresked\u0151 Mv.-en. \u2013 Feles\u00e9ge Zakari\u00e1s Roz\u00e1lia. Gyermekei: Anna (1813\u2013), M\u00e1rton Ferenc (1814\u20131842), J\u00e1nos Istv\u00e1n (1816\u2013). \u2013 Irod: P\u00e1l-Antal S\u00e1ndor: \u00d6rm\u00e9nyek Mv.-en 1848 el\u0151tt = Pusk\u00e1s-Sz\u00e1sz \u00c1v\u00e9d<\/p>\n","protected":false},"featured_media":0,"comment_status":"open","ping_status":"closed","template":"","meta":[],"product_brand":[],"product_cat":[137],"product_tag":[],"class_list":{"0":"post-16836","1":"product","2":"type-product","3":"status-publish","5":"product_cat-maros-megyei-eletrajzi-lexikon","7":"first","8":"instock","9":"shipping-taxable","10":"product-type-simple"},"_links":{"self":[{"href":"https:\/\/uj.adatbank.ro\/lexikon\/wp-json\/wp\/v2\/product\/16836","targetHints":{"allow":["GET"]}}],"collection":[{"href":"https:\/\/uj.adatbank.ro\/lexikon\/wp-json\/wp\/v2\/product"}],"about":[{"href":"https:\/\/uj.adatbank.ro\/lexikon\/wp-json\/wp\/v2\/types\/product"}],"replies":[{"embeddable":true,"href":"https:\/\/uj.adatbank.ro\/lexikon\/wp-json\/wp\/v2\/comments?post=16836"}],"wp:attachment":[{"href":"https:\/\/uj.adatbank.ro\/lexikon\/wp-json\/wp\/v2\/media?parent=16836"}],"wp:term":[{"taxonomy":"product_brand","embeddable":true,"href":"https:\/\/uj.adatbank.ro\/lexikon\/wp-json\/wp\/v2\/product_brand?post=16836"},{"taxonomy":"product_cat","embeddable":true,"href":"https:\/\/uj.adatbank.ro\/lexikon\/wp-json\/wp\/v2\/product_cat?post=16836"},{"taxonomy":"product_tag","embeddable":true,"href":"https:\/\/uj.adatbank.ro\/lexikon\/wp-json\/wp\/v2\/product_tag?post=16836"}],"curies":[{"name":"wp","href":"https:\/\/api.w.org\/{rel}","templated":true}]}}