{"id":16841,"date":"2025-07-15T23:32:13","date_gmt":"2025-07-15T21:32:13","guid":{"rendered":"https:\/\/uj.adatbank.ro\/lexikon\/termek\/novak-istvan-2\/"},"modified":"2025-07-15T23:32:13","modified_gmt":"2025-07-15T21:32:13","slug":"novak-istvan-2","status":"publish","type":"product","link":"https:\/\/uj.adatbank.ro\/lexikon\/termek\/novak-istvan-2\/","title":{"rendered":"NOV\u00c1K Istv\u00e1n"},"content":{"rendered":"<p>1816. aug. 3 \u2020 ?: \u00f6rm\u00e9ny keresked\u0151 Mv-en ?. \u2013 Antal \u00e9s Zakari\u00e1s Roz\u00e1lia fia. Feles\u00e9ge Gagyi Borb\u00e1la (1818\u20131841. nov. 3.). Gyermekei: M\u00e1ria (1811\u2013), Anna (1812 \u2013 1833. m\u00e1rc. 2). <br \/><strong>Irod.:<\/strong> P\u00e1l-Antal S\u00e1ndor: \u00d6rm\u00e9nyek Mv.-en 1848 el\u0151tt = Pusk\u00e1s-Sz\u00e1sz \u00c1v\u00e9d<\/br><\/p>\n","protected":false},"excerpt":{"rendered":"<p>1816. aug. 3 \u2020 ?: \u00f6rm\u00e9ny keresked\u0151 Mv-en ?. \u2013 Antal \u00e9s Zakari\u00e1s Roz\u00e1lia fia. Feles\u00e9ge Gagyi Borb\u00e1la (1818\u20131841. nov. 3.). Gyermekei: M\u00e1ria (1811\u2013), Anna (1812 \u2013 1833. m\u00e1rc. 2). Irod.: P\u00e1l-Antal S\u00e1ndor: \u00d6rm\u00e9nyek Mv.-en 1848 el\u0151tt = Pusk\u00e1s-Sz\u00e1sz \u00c1v\u00e9d<\/p>\n","protected":false},"featured_media":0,"comment_status":"open","ping_status":"closed","template":"","meta":[],"product_brand":[],"product_cat":[137],"product_tag":[],"class_list":{"0":"post-16841","1":"product","2":"type-product","3":"status-publish","5":"product_cat-maros-megyei-eletrajzi-lexikon","7":"first","8":"instock","9":"shipping-taxable","10":"product-type-simple"},"_links":{"self":[{"href":"https:\/\/uj.adatbank.ro\/lexikon\/wp-json\/wp\/v2\/product\/16841","targetHints":{"allow":["GET"]}}],"collection":[{"href":"https:\/\/uj.adatbank.ro\/lexikon\/wp-json\/wp\/v2\/product"}],"about":[{"href":"https:\/\/uj.adatbank.ro\/lexikon\/wp-json\/wp\/v2\/types\/product"}],"replies":[{"embeddable":true,"href":"https:\/\/uj.adatbank.ro\/lexikon\/wp-json\/wp\/v2\/comments?post=16841"}],"wp:attachment":[{"href":"https:\/\/uj.adatbank.ro\/lexikon\/wp-json\/wp\/v2\/media?parent=16841"}],"wp:term":[{"taxonomy":"product_brand","embeddable":true,"href":"https:\/\/uj.adatbank.ro\/lexikon\/wp-json\/wp\/v2\/product_brand?post=16841"},{"taxonomy":"product_cat","embeddable":true,"href":"https:\/\/uj.adatbank.ro\/lexikon\/wp-json\/wp\/v2\/product_cat?post=16841"},{"taxonomy":"product_tag","embeddable":true,"href":"https:\/\/uj.adatbank.ro\/lexikon\/wp-json\/wp\/v2\/product_tag?post=16841"}],"curies":[{"name":"wp","href":"https:\/\/api.w.org\/{rel}","templated":true}]}}