{"id":16842,"date":"2025-07-15T23:32:15","date_gmt":"2025-07-15T21:32:15","guid":{"rendered":"https:\/\/uj.adatbank.ro\/lexikon\/termek\/novak-izsak\/"},"modified":"2025-07-15T23:32:15","modified_gmt":"2025-07-15T21:32:15","slug":"novak-izsak","status":"publish","type":"product","link":"https:\/\/uj.adatbank.ro\/lexikon\/termek\/novak-izsak\/","title":{"rendered":"NOV\u00c1K Izs\u00e1k"},"content":{"rendered":"<p>1794. febr. 18 \u2020 Mv., 1834. szept. 15: \u00f6rm\u00e9ny keresked\u0151 Mv-en ?. \u2013 Auxent Tam\u00e1s \u00e9 s Rebeka Szamos\u00fajv\u00e1r fia. Feles\u00e9ge Isekutz Margit (1805. aug. 23\u20131876. \u00e1pr. 5.). Gyermekei: S\u00e1ndor (1827\u20131833), Rebeka (1829\u2013), Adeod\u00e1t Antal (1830\u2013), J\u00f3zsef (1831\u2013). <br \/><strong>Irod.:<\/strong> P\u00e1l-Antal S\u00e1ndor: \u00d6rm\u00e9nyek Mv.-en 1848 el\u0151tt = Pusk\u00e1s-Sz\u00e1sz \u00c1v\u00e9d<\/br><\/p>\n","protected":false},"excerpt":{"rendered":"<p>1794. febr. 18 \u2020 Mv., 1834. szept. 15: \u00f6rm\u00e9ny keresked\u0151 Mv-en ?. \u2013 Auxent Tam\u00e1s \u00e9 s Rebeka Szamos\u00fajv\u00e1r fia. Feles\u00e9ge Isekutz Margit (1805. aug. 23\u20131876. \u00e1pr. 5.). Gyermekei: S\u00e1ndor (1827\u20131833), Rebeka (1829\u2013), Adeod\u00e1t Antal (1830\u2013), J\u00f3zsef (1831\u2013). Irod.: P\u00e1l-Antal S\u00e1ndor: \u00d6rm\u00e9nyek Mv.-en 1848 el\u0151tt = Pusk\u00e1s-Sz\u00e1sz \u00c1v\u00e9d<\/p>\n","protected":false},"featured_media":0,"comment_status":"open","ping_status":"closed","template":"","meta":[],"product_brand":[],"product_cat":[137],"product_tag":[],"class_list":{"0":"post-16842","1":"product","2":"type-product","3":"status-publish","5":"product_cat-maros-megyei-eletrajzi-lexikon","7":"first","8":"instock","9":"shipping-taxable","10":"product-type-simple"},"_links":{"self":[{"href":"https:\/\/uj.adatbank.ro\/lexikon\/wp-json\/wp\/v2\/product\/16842","targetHints":{"allow":["GET"]}}],"collection":[{"href":"https:\/\/uj.adatbank.ro\/lexikon\/wp-json\/wp\/v2\/product"}],"about":[{"href":"https:\/\/uj.adatbank.ro\/lexikon\/wp-json\/wp\/v2\/types\/product"}],"replies":[{"embeddable":true,"href":"https:\/\/uj.adatbank.ro\/lexikon\/wp-json\/wp\/v2\/comments?post=16842"}],"wp:attachment":[{"href":"https:\/\/uj.adatbank.ro\/lexikon\/wp-json\/wp\/v2\/media?parent=16842"}],"wp:term":[{"taxonomy":"product_brand","embeddable":true,"href":"https:\/\/uj.adatbank.ro\/lexikon\/wp-json\/wp\/v2\/product_brand?post=16842"},{"taxonomy":"product_cat","embeddable":true,"href":"https:\/\/uj.adatbank.ro\/lexikon\/wp-json\/wp\/v2\/product_cat?post=16842"},{"taxonomy":"product_tag","embeddable":true,"href":"https:\/\/uj.adatbank.ro\/lexikon\/wp-json\/wp\/v2\/product_tag?post=16842"}],"curies":[{"name":"wp","href":"https:\/\/api.w.org\/{rel}","templated":true}]}}