{"id":16844,"date":"2025-07-15T23:32:21","date_gmt":"2025-07-15T21:32:21","guid":{"rendered":"https:\/\/uj.adatbank.ro\/lexikon\/termek\/novak-jozsef\/"},"modified":"2025-07-15T23:32:21","modified_gmt":"2025-07-15T21:32:21","slug":"novak-jozsef","status":"publish","type":"product","link":"https:\/\/uj.adatbank.ro\/lexikon\/termek\/novak-jozsef\/","title":{"rendered":"NOV\u00c1K J\u00f3zsef"},"content":{"rendered":"<p>Ny\u00e1r\u00e1dszentanna, 1906., \u2020 ?: vend\u00e9gl\u0151s. \u2013 Iskol\u00e1i elv\u00e9gz\u00e9se ut\u00e1n a h\u00fasiparban szabadult fel, 13 \u00e9vig Buk.-ben m\u0171k\u00f6d\u00f6tt, azut\u00e1n Mv.-en nyitott vend\u00e9gl\u0151t. A hazafias \u00e9s kultur\u00e1lis int\u00e9zm\u00e9nyek t\u00e1mogat\u00f3ja volt. <br \/><strong>Irod.:<\/strong> Sz\u00e9kelyf\u00f6ld \u00ed.k.<\/br><\/p>\n","protected":false},"excerpt":{"rendered":"<p>Ny\u00e1r\u00e1dszentanna, 1906., \u2020 ?: vend\u00e9gl\u0151s. \u2013 Iskol\u00e1i elv\u00e9gz\u00e9se ut\u00e1n a h\u00fasiparban szabadult fel, 13 \u00e9vig Buk.-ben m\u0171k\u00f6d\u00f6tt, azut\u00e1n Mv.-en nyitott vend\u00e9gl\u0151t. A hazafias \u00e9s kultur\u00e1lis int\u00e9zm\u00e9nyek t\u00e1mogat\u00f3ja volt. Irod.: Sz\u00e9kelyf\u00f6ld \u00ed.k.<\/p>\n","protected":false},"featured_media":0,"comment_status":"open","ping_status":"closed","template":"","meta":[],"product_brand":[],"product_cat":[137],"product_tag":[],"class_list":{"0":"post-16844","1":"product","2":"type-product","3":"status-publish","5":"product_cat-maros-megyei-eletrajzi-lexikon","7":"first","8":"instock","9":"shipping-taxable","10":"product-type-simple"},"_links":{"self":[{"href":"https:\/\/uj.adatbank.ro\/lexikon\/wp-json\/wp\/v2\/product\/16844","targetHints":{"allow":["GET"]}}],"collection":[{"href":"https:\/\/uj.adatbank.ro\/lexikon\/wp-json\/wp\/v2\/product"}],"about":[{"href":"https:\/\/uj.adatbank.ro\/lexikon\/wp-json\/wp\/v2\/types\/product"}],"replies":[{"embeddable":true,"href":"https:\/\/uj.adatbank.ro\/lexikon\/wp-json\/wp\/v2\/comments?post=16844"}],"wp:attachment":[{"href":"https:\/\/uj.adatbank.ro\/lexikon\/wp-json\/wp\/v2\/media?parent=16844"}],"wp:term":[{"taxonomy":"product_brand","embeddable":true,"href":"https:\/\/uj.adatbank.ro\/lexikon\/wp-json\/wp\/v2\/product_brand?post=16844"},{"taxonomy":"product_cat","embeddable":true,"href":"https:\/\/uj.adatbank.ro\/lexikon\/wp-json\/wp\/v2\/product_cat?post=16844"},{"taxonomy":"product_tag","embeddable":true,"href":"https:\/\/uj.adatbank.ro\/lexikon\/wp-json\/wp\/v2\/product_tag?post=16844"}],"curies":[{"name":"wp","href":"https:\/\/api.w.org\/{rel}","templated":true}]}}