{"id":16847,"date":"2025-07-15T23:32:27","date_gmt":"2025-07-15T21:32:27","guid":{"rendered":"https:\/\/uj.adatbank.ro\/lexikon\/termek\/novak-peter\/"},"modified":"2025-07-15T23:32:27","modified_gmt":"2025-07-15T21:32:27","slug":"novak-peter","status":"publish","type":"product","link":"https:\/\/uj.adatbank.ro\/lexikon\/termek\/novak-peter\/","title":{"rendered":"NOV\u00c1K P\u00e9ter"},"content":{"rendered":"<p>\u2020 ? : ref. lelk\u00e9sz. \u2013 A mv.-i Ref. Koll. di\u00e1kja, Iskol\u00e1i elv\u00e9gz\u00e9se ut\u00e1n mv.-i Ref. Koll.-ban (1798\u2013) n\u00e9h\u00e1ny\u00e9vig az iskola tan\u00e1ra (1802\u20133), Ny\u00e1r\u00e1dszentimr\u00e9n ref. pap (1804\u20131813) \u00e9s a ny\u00e1r\u00e1dszeredai par\u00f3ki\u00e1n szolg\u00e1lt (1814\u20131821). Sz\u00e9kelytompa (1823\u20131825). Sz\u00e9kelykakasd lelk\u00e9sze (1829\u201335), majd Sz\u00e9kelytomp\u00e1n lelk\u00e9sz. <br \/><strong>Irod.:<\/strong> Imreh Barna; Sz\u00e9kelykakasd<\/br><\/p>\n","protected":false},"excerpt":{"rendered":"<p>\u2020 ? : ref. lelk\u00e9sz. \u2013 A mv.-i Ref. Koll. di\u00e1kja, Iskol\u00e1i elv\u00e9gz\u00e9se ut\u00e1n mv.-i Ref. Koll.-ban (1798\u2013) n\u00e9h\u00e1ny\u00e9vig az iskola tan\u00e1ra (1802\u20133), Ny\u00e1r\u00e1dszentimr\u00e9n ref. pap (1804\u20131813) \u00e9s a ny\u00e1r\u00e1dszeredai par\u00f3ki\u00e1n szolg\u00e1lt (1814\u20131821). Sz\u00e9kelytompa (1823\u20131825). Sz\u00e9kelykakasd lelk\u00e9sze (1829\u201335), majd Sz\u00e9kelytomp\u00e1n lelk\u00e9sz. Irod.: Imreh Barna; Sz\u00e9kelykakasd<\/p>\n","protected":false},"featured_media":0,"comment_status":"open","ping_status":"closed","template":"","meta":[],"product_brand":[],"product_cat":[137],"product_tag":[],"class_list":{"0":"post-16847","1":"product","2":"type-product","3":"status-publish","5":"product_cat-maros-megyei-eletrajzi-lexikon","7":"first","8":"instock","9":"shipping-taxable","10":"product-type-simple"},"_links":{"self":[{"href":"https:\/\/uj.adatbank.ro\/lexikon\/wp-json\/wp\/v2\/product\/16847","targetHints":{"allow":["GET"]}}],"collection":[{"href":"https:\/\/uj.adatbank.ro\/lexikon\/wp-json\/wp\/v2\/product"}],"about":[{"href":"https:\/\/uj.adatbank.ro\/lexikon\/wp-json\/wp\/v2\/types\/product"}],"replies":[{"embeddable":true,"href":"https:\/\/uj.adatbank.ro\/lexikon\/wp-json\/wp\/v2\/comments?post=16847"}],"wp:attachment":[{"href":"https:\/\/uj.adatbank.ro\/lexikon\/wp-json\/wp\/v2\/media?parent=16847"}],"wp:term":[{"taxonomy":"product_brand","embeddable":true,"href":"https:\/\/uj.adatbank.ro\/lexikon\/wp-json\/wp\/v2\/product_brand?post=16847"},{"taxonomy":"product_cat","embeddable":true,"href":"https:\/\/uj.adatbank.ro\/lexikon\/wp-json\/wp\/v2\/product_cat?post=16847"},{"taxonomy":"product_tag","embeddable":true,"href":"https:\/\/uj.adatbank.ro\/lexikon\/wp-json\/wp\/v2\/product_tag?post=16847"}],"curies":[{"name":"wp","href":"https:\/\/api.w.org\/{rel}","templated":true}]}}