{"id":1685,"date":"2025-06-28T11:49:58","date_gmt":"2025-06-28T09:49:58","guid":{"rendered":"https:\/\/uj.adatbank.ro\/lexikon\/termek\/ajtai-peter\/"},"modified":"2025-06-28T11:49:58","modified_gmt":"2025-06-28T09:49:58","slug":"ajtai-peter","status":"publish","type":"product","link":"https:\/\/uj.adatbank.ro\/lexikon\/termek\/ajtai-peter\/","title":{"rendered":"AJTAI P\u00e9ter"},"content":{"rendered":"<p>? \u2020 ?: f\u00f6ldbirtokos. \u2013 Mez\u0151dombon, a falu fel\u00e9t birtokolta. Javait a fell\u00e1zadt parasztok lelt\u00e1rozt\u00e1k, nagy r\u00e9sz\u00e9t sz\u00e9tosztott\u00e1k a nincstelen f\u00f6ldm\u0171veseknek (1848. nov. 27.). <br \/><strong>Irod.:<\/strong> S\u00e2npetru de C\u00e2mpie<\/br><\/p>\n","protected":false},"excerpt":{"rendered":"<p>? \u2020 ?: f\u00f6ldbirtokos. \u2013 Mez\u0151dombon, a falu fel\u00e9t birtokolta. Javait a fell\u00e1zadt parasztok lelt\u00e1rozt\u00e1k, nagy r\u00e9sz\u00e9t sz\u00e9tosztott\u00e1k a nincstelen f\u00f6ldm\u0171veseknek (1848. nov. 27.). Irod.: S\u00e2npetru de C\u00e2mpie<\/p>\n","protected":false},"featured_media":0,"comment_status":"open","ping_status":"closed","template":"","meta":[],"product_brand":[],"product_cat":[137],"product_tag":[],"class_list":{"0":"post-1685","1":"product","2":"type-product","3":"status-publish","5":"product_cat-maros-megyei-eletrajzi-lexikon","7":"first","8":"instock","9":"shipping-taxable","10":"product-type-simple"},"_links":{"self":[{"href":"https:\/\/uj.adatbank.ro\/lexikon\/wp-json\/wp\/v2\/product\/1685","targetHints":{"allow":["GET"]}}],"collection":[{"href":"https:\/\/uj.adatbank.ro\/lexikon\/wp-json\/wp\/v2\/product"}],"about":[{"href":"https:\/\/uj.adatbank.ro\/lexikon\/wp-json\/wp\/v2\/types\/product"}],"replies":[{"embeddable":true,"href":"https:\/\/uj.adatbank.ro\/lexikon\/wp-json\/wp\/v2\/comments?post=1685"}],"wp:attachment":[{"href":"https:\/\/uj.adatbank.ro\/lexikon\/wp-json\/wp\/v2\/media?parent=1685"}],"wp:term":[{"taxonomy":"product_brand","embeddable":true,"href":"https:\/\/uj.adatbank.ro\/lexikon\/wp-json\/wp\/v2\/product_brand?post=1685"},{"taxonomy":"product_cat","embeddable":true,"href":"https:\/\/uj.adatbank.ro\/lexikon\/wp-json\/wp\/v2\/product_cat?post=1685"},{"taxonomy":"product_tag","embeddable":true,"href":"https:\/\/uj.adatbank.ro\/lexikon\/wp-json\/wp\/v2\/product_tag?post=1685"}],"curies":[{"name":"wp","href":"https:\/\/api.w.org\/{rel}","templated":true}]}}