{"id":16851,"date":"2025-07-15T23:32:35","date_gmt":"2025-07-15T21:32:35","guid":{"rendered":"https:\/\/uj.adatbank.ro\/lexikon\/termek\/nuridsan-kristof\/"},"modified":"2025-07-15T23:32:35","modified_gmt":"2025-07-15T21:32:35","slug":"nuridsan-kristof","status":"publish","type":"product","link":"https:\/\/uj.adatbank.ro\/lexikon\/termek\/nuridsan-kristof\/","title":{"rendered":"NURIDS\u00c1N Krist\u00f3f"},"content":{"rendered":"<p>? \u2020 ?: keresked\u0151. \u2013 Nagyerny\u00e9ben keresked\u0151 (1865). <br \/><strong>Irod.:<\/strong> Pusk\u00e1s Attila. \u00d6rm\u00e9nyek k\u00f6zt\u00fcnk \u00e9s vel\u00fcnk \u2013mv.-i \u00d6rm\u00e9ny Kult\u00fara Napjain (Magyar\u00f6rm\u00e9ny \u00e9l\u0151 \u00f6r\u00f6ks\u00e9g, 21.sz., 2021. dec.\u20132022. febr.)<\/br><\/p>\n","protected":false},"excerpt":{"rendered":"<p>? \u2020 ?: keresked\u0151. \u2013 Nagyerny\u00e9ben keresked\u0151 (1865). Irod.: Pusk\u00e1s Attila. \u00d6rm\u00e9nyek k\u00f6zt\u00fcnk \u00e9s vel\u00fcnk \u2013mv.-i \u00d6rm\u00e9ny Kult\u00fara Napjain (Magyar\u00f6rm\u00e9ny \u00e9l\u0151 \u00f6r\u00f6ks\u00e9g, 21.sz., 2021. dec.\u20132022. febr.)<\/p>\n","protected":false},"featured_media":0,"comment_status":"open","ping_status":"closed","template":"","meta":[],"product_brand":[],"product_cat":[137],"product_tag":[],"class_list":{"0":"post-16851","1":"product","2":"type-product","3":"status-publish","5":"product_cat-maros-megyei-eletrajzi-lexikon","7":"first","8":"instock","9":"shipping-taxable","10":"product-type-simple"},"_links":{"self":[{"href":"https:\/\/uj.adatbank.ro\/lexikon\/wp-json\/wp\/v2\/product\/16851","targetHints":{"allow":["GET"]}}],"collection":[{"href":"https:\/\/uj.adatbank.ro\/lexikon\/wp-json\/wp\/v2\/product"}],"about":[{"href":"https:\/\/uj.adatbank.ro\/lexikon\/wp-json\/wp\/v2\/types\/product"}],"replies":[{"embeddable":true,"href":"https:\/\/uj.adatbank.ro\/lexikon\/wp-json\/wp\/v2\/comments?post=16851"}],"wp:attachment":[{"href":"https:\/\/uj.adatbank.ro\/lexikon\/wp-json\/wp\/v2\/media?parent=16851"}],"wp:term":[{"taxonomy":"product_brand","embeddable":true,"href":"https:\/\/uj.adatbank.ro\/lexikon\/wp-json\/wp\/v2\/product_brand?post=16851"},{"taxonomy":"product_cat","embeddable":true,"href":"https:\/\/uj.adatbank.ro\/lexikon\/wp-json\/wp\/v2\/product_cat?post=16851"},{"taxonomy":"product_tag","embeddable":true,"href":"https:\/\/uj.adatbank.ro\/lexikon\/wp-json\/wp\/v2\/product_tag?post=16851"}],"curies":[{"name":"wp","href":"https:\/\/api.w.org\/{rel}","templated":true}]}}