{"id":16852,"date":"2025-07-15T23:32:37","date_gmt":"2025-07-15T21:32:37","guid":{"rendered":"https:\/\/uj.adatbank.ro\/lexikon\/termek\/nuridsany-antal-nuridsan-antal\/"},"modified":"2025-07-15T23:32:37","modified_gmt":"2025-07-15T21:32:37","slug":"nuridsany-antal-nuridsan-antal","status":"publish","type":"product","link":"https:\/\/uj.adatbank.ro\/lexikon\/termek\/nuridsany-antal-nuridsan-antal\/","title":{"rendered":"NURIDS\u00c1NY Antal, Nurids\u00e1n Antal"},"content":{"rendered":"<p>1826., \u2020 1899 : iparos, keresked\u0151. \u2013 Bogd\u00e1n (1790. j\u00fal. 8.-Erzs\u00e9betv\u00e1ros, 1876. okt. 19.) \u00e9s Pap Anna fia. Feles\u00e9ge: 1.Temesv\u00e1ri Liza (\u2020 1871). K\u00e9t l\u00e1nyuk \u00e9s egy fi\u00fak volt. Mari le\u00e1nyuk Woyciechowski Vilmosn\u00e9 (esk\u00fcv\u0151: 1886); 2. Woyciechowski Ad\u00e9l (esk\u00fcv\u0151: 1882.). \u2013 Szebeni gazdag \u00f6rm\u00e9ny nagykeresked\u0151. Textil \u2013 \u00e9s ruh\u00e1zati iparos Mv.-en (1892\u2013) \u00e9s t\u00e1rsult Nendvich Vilmos \u00e9s Kabdebo Mih\u00e1ly nagykeresked\u0151kkel. <br \/><strong>Irod.:<\/strong> Dorn, Alexander: Die Protokollirten Firmen \u00d6sterreich-Ungarn&#8230; (Wien, 1892); Gyarmati B\u00e9la: \u00d6rm\u00e9ny arck\u00e9pek (9.r\u00e9sz.) Woyciechowski Vilmos \u00e9s Nurids\u00e1n M\u00e1ria (Erd\u00e9lyi \u00d6rm\u00e9ny Gy\u00f6kerek, 217. sz., 2015. m\u00e1j.-j\u00fan.)<\/br><\/p>\n","protected":false},"excerpt":{"rendered":"<p>1826., \u2020 1899 : iparos, keresked\u0151. \u2013 Bogd\u00e1n (1790. j\u00fal. 8.-Erzs\u00e9betv\u00e1ros, 1876. okt. 19.) \u00e9s Pap Anna fia. Feles\u00e9ge: 1.Temesv\u00e1ri Liza (\u2020 1871). K\u00e9t l\u00e1nyuk \u00e9s egy fi\u00fak volt. Mari le\u00e1nyuk Woyciechowski Vilmosn\u00e9 (esk\u00fcv\u0151: 1886); 2. Woyciechowski Ad\u00e9l (esk\u00fcv\u0151: 1882.). \u2013 Szebeni gazdag \u00f6rm\u00e9ny nagykeresked\u0151. Textil \u2013 \u00e9s ruh\u00e1zati iparos Mv.-en (1892\u2013) \u00e9s t\u00e1rsult Nendvich [&hellip;]<\/p>\n","protected":false},"featured_media":0,"comment_status":"open","ping_status":"closed","template":"","meta":[],"product_brand":[],"product_cat":[137],"product_tag":[],"class_list":{"0":"post-16852","1":"product","2":"type-product","3":"status-publish","5":"product_cat-maros-megyei-eletrajzi-lexikon","7":"first","8":"instock","9":"shipping-taxable","10":"product-type-simple"},"_links":{"self":[{"href":"https:\/\/uj.adatbank.ro\/lexikon\/wp-json\/wp\/v2\/product\/16852","targetHints":{"allow":["GET"]}}],"collection":[{"href":"https:\/\/uj.adatbank.ro\/lexikon\/wp-json\/wp\/v2\/product"}],"about":[{"href":"https:\/\/uj.adatbank.ro\/lexikon\/wp-json\/wp\/v2\/types\/product"}],"replies":[{"embeddable":true,"href":"https:\/\/uj.adatbank.ro\/lexikon\/wp-json\/wp\/v2\/comments?post=16852"}],"wp:attachment":[{"href":"https:\/\/uj.adatbank.ro\/lexikon\/wp-json\/wp\/v2\/media?parent=16852"}],"wp:term":[{"taxonomy":"product_brand","embeddable":true,"href":"https:\/\/uj.adatbank.ro\/lexikon\/wp-json\/wp\/v2\/product_brand?post=16852"},{"taxonomy":"product_cat","embeddable":true,"href":"https:\/\/uj.adatbank.ro\/lexikon\/wp-json\/wp\/v2\/product_cat?post=16852"},{"taxonomy":"product_tag","embeddable":true,"href":"https:\/\/uj.adatbank.ro\/lexikon\/wp-json\/wp\/v2\/product_tag?post=16852"}],"curies":[{"name":"wp","href":"https:\/\/api.w.org\/{rel}","templated":true}]}}