{"id":16853,"date":"2025-07-15T23:32:41","date_gmt":"2025-07-15T21:32:41","guid":{"rendered":"https:\/\/uj.adatbank.ro\/lexikon\/termek\/nuridsany-bela\/"},"modified":"2025-07-15T23:32:41","modified_gmt":"2025-07-15T21:32:41","slug":"nuridsany-bela","status":"publish","type":"product","link":"https:\/\/uj.adatbank.ro\/lexikon\/termek\/nuridsany-bela\/","title":{"rendered":"NURIDS\u00c1NY B\u00e9la"},"content":{"rendered":"<p>? \u2020 ?: banktisztvisel\u0151. \u2013 Az MSE-ben kezdte labdar\u00fag\u00f3 p\u00e1ly\u00e1j\u00e1t, majd az egyes\u00fclet I. csapat\u00e1nak tagja lett. Ut\u00f3bb a m\u00e1sik nagy magyar egy\u00fcttes az MTK-ban szerepelt. T\u00f6bb alkalommal volt v\u00e1rosi \u00e9s orsz\u00e1gos v\u00e1logatott, r\u00e9szt vett a p\u00e1rizsi olimpi\u00e1ra kik\u00fcld\u00f6tt v\u00e1logatott labdar\u00fag\u00f3 csapatban. A kv.-i AC sz\u00edneiben j\u00e1tszott (1925\u2013), majd s\u00e9r\u00fcl\u00e9se miatt visszavonult az akt\u00edv j\u00e1t\u00e9kt\u00f3l (1927). Amikor az egyes\u00fclet a KAC tagj\u00e1v\u00e1 v\u00e1lasztotott\u00e1k <br \/><strong>Irod.:<\/strong> Pluh\u00e1r<\/br><\/p>\n","protected":false},"excerpt":{"rendered":"<p>? \u2020 ?: banktisztvisel\u0151. \u2013 Az MSE-ben kezdte labdar\u00fag\u00f3 p\u00e1ly\u00e1j\u00e1t, majd az egyes\u00fclet I. csapat\u00e1nak tagja lett. Ut\u00f3bb a m\u00e1sik nagy magyar egy\u00fcttes az MTK-ban szerepelt. T\u00f6bb alkalommal volt v\u00e1rosi \u00e9s orsz\u00e1gos v\u00e1logatott, r\u00e9szt vett a p\u00e1rizsi olimpi\u00e1ra kik\u00fcld\u00f6tt v\u00e1logatott labdar\u00fag\u00f3 csapatban. A kv.-i AC sz\u00edneiben j\u00e1tszott (1925\u2013), majd s\u00e9r\u00fcl\u00e9se miatt visszavonult az akt\u00edv j\u00e1t\u00e9kt\u00f3l [&hellip;]<\/p>\n","protected":false},"featured_media":0,"comment_status":"open","ping_status":"closed","template":"","meta":[],"product_brand":[],"product_cat":[137],"product_tag":[],"class_list":{"0":"post-16853","1":"product","2":"type-product","3":"status-publish","5":"product_cat-maros-megyei-eletrajzi-lexikon","7":"first","8":"instock","9":"shipping-taxable","10":"product-type-simple"},"_links":{"self":[{"href":"https:\/\/uj.adatbank.ro\/lexikon\/wp-json\/wp\/v2\/product\/16853","targetHints":{"allow":["GET"]}}],"collection":[{"href":"https:\/\/uj.adatbank.ro\/lexikon\/wp-json\/wp\/v2\/product"}],"about":[{"href":"https:\/\/uj.adatbank.ro\/lexikon\/wp-json\/wp\/v2\/types\/product"}],"replies":[{"embeddable":true,"href":"https:\/\/uj.adatbank.ro\/lexikon\/wp-json\/wp\/v2\/comments?post=16853"}],"wp:attachment":[{"href":"https:\/\/uj.adatbank.ro\/lexikon\/wp-json\/wp\/v2\/media?parent=16853"}],"wp:term":[{"taxonomy":"product_brand","embeddable":true,"href":"https:\/\/uj.adatbank.ro\/lexikon\/wp-json\/wp\/v2\/product_brand?post=16853"},{"taxonomy":"product_cat","embeddable":true,"href":"https:\/\/uj.adatbank.ro\/lexikon\/wp-json\/wp\/v2\/product_cat?post=16853"},{"taxonomy":"product_tag","embeddable":true,"href":"https:\/\/uj.adatbank.ro\/lexikon\/wp-json\/wp\/v2\/product_tag?post=16853"}],"curies":[{"name":"wp","href":"https:\/\/api.w.org\/{rel}","templated":true}]}}