{"id":16861,"date":"2025-07-15T23:32:56","date_gmt":"2025-07-15T21:32:56","guid":{"rendered":"https:\/\/uj.adatbank.ro\/lexikon\/termek\/nussbaum-hermann-nuszbaum-herman\/"},"modified":"2025-07-15T23:32:56","modified_gmt":"2025-07-15T21:32:56","slug":"nussbaum-hermann-nuszbaum-herman","status":"publish","type":"product","link":"https:\/\/uj.adatbank.ro\/lexikon\/termek\/nussbaum-hermann-nuszbaum-herman\/","title":{"rendered":"NUSSBAUM Hermann, Nuszbaum Herman"},"content":{"rendered":"<p>Sz\u00e1szcsan\u00e1d, 1896., \u2020 ?: keresked\u0151 Mv.-en. \u2013 Iskol\u00e1it Bal\u00e1zsfalv\u00e1n \u00e9s Nagyszebenben v\u00e9gezte. R\u00e9szt vett az I. vh.-ban (1915\u201318), gyalogos volt, kit\u00fcntett\u00e9k a bronz v. \u00e9. \u00e9s a K\u00e1roly Csapatkereszttel. Kereskedelmi p\u00e1ly\u00e1ra l\u00e9pett, \u00f6n\u00e1ll\u00f3 lett Mv.-en (1933). Mv.-r\u0151l deport\u00e1lt\u00e1k feles\u00e9g\u00e9vel (1901\u2013) egy\u00fctt (1944. m\u00e1j. 29.). <br \/><strong>Irod.:<\/strong> Erd\u00e9lyi ezrdek; Mv. zsid\u00f3s\u00e1ga; Sz\u00e9kelyf\u00f6ld \u00ed.k<\/br><\/p>\n","protected":false},"excerpt":{"rendered":"<p>Sz\u00e1szcsan\u00e1d, 1896., \u2020 ?: keresked\u0151 Mv.-en. \u2013 Iskol\u00e1it Bal\u00e1zsfalv\u00e1n \u00e9s Nagyszebenben v\u00e9gezte. R\u00e9szt vett az I. vh.-ban (1915\u201318), gyalogos volt, kit\u00fcntett\u00e9k a bronz v. \u00e9. \u00e9s a K\u00e1roly Csapatkereszttel. Kereskedelmi p\u00e1ly\u00e1ra l\u00e9pett, \u00f6n\u00e1ll\u00f3 lett Mv.-en (1933). Mv.-r\u0151l deport\u00e1lt\u00e1k feles\u00e9g\u00e9vel (1901\u2013) egy\u00fctt (1944. m\u00e1j. 29.). Irod.: Erd\u00e9lyi ezrdek; Mv. zsid\u00f3s\u00e1ga; Sz\u00e9kelyf\u00f6ld \u00ed.k<\/p>\n","protected":false},"featured_media":0,"comment_status":"open","ping_status":"closed","template":"","meta":[],"product_brand":[],"product_cat":[137],"product_tag":[],"class_list":{"0":"post-16861","1":"product","2":"type-product","3":"status-publish","5":"product_cat-maros-megyei-eletrajzi-lexikon","7":"first","8":"instock","9":"shipping-taxable","10":"product-type-simple"},"_links":{"self":[{"href":"https:\/\/uj.adatbank.ro\/lexikon\/wp-json\/wp\/v2\/product\/16861","targetHints":{"allow":["GET"]}}],"collection":[{"href":"https:\/\/uj.adatbank.ro\/lexikon\/wp-json\/wp\/v2\/product"}],"about":[{"href":"https:\/\/uj.adatbank.ro\/lexikon\/wp-json\/wp\/v2\/types\/product"}],"replies":[{"embeddable":true,"href":"https:\/\/uj.adatbank.ro\/lexikon\/wp-json\/wp\/v2\/comments?post=16861"}],"wp:attachment":[{"href":"https:\/\/uj.adatbank.ro\/lexikon\/wp-json\/wp\/v2\/media?parent=16861"}],"wp:term":[{"taxonomy":"product_brand","embeddable":true,"href":"https:\/\/uj.adatbank.ro\/lexikon\/wp-json\/wp\/v2\/product_brand?post=16861"},{"taxonomy":"product_cat","embeddable":true,"href":"https:\/\/uj.adatbank.ro\/lexikon\/wp-json\/wp\/v2\/product_cat?post=16861"},{"taxonomy":"product_tag","embeddable":true,"href":"https:\/\/uj.adatbank.ro\/lexikon\/wp-json\/wp\/v2\/product_tag?post=16861"}],"curies":[{"name":"wp","href":"https:\/\/api.w.org\/{rel}","templated":true}]}}