{"id":16867,"date":"2025-07-15T23:33:11","date_gmt":"2025-07-15T21:33:11","guid":{"rendered":"https:\/\/uj.adatbank.ro\/lexikon\/termek\/nussbaum-viktor-nuszbaum-viktor\/"},"modified":"2025-07-15T23:33:11","modified_gmt":"2025-07-15T21:33:11","slug":"nussbaum-viktor-nuszbaum-viktor","status":"publish","type":"product","link":"https:\/\/uj.adatbank.ro\/lexikon\/termek\/nussbaum-viktor-nuszbaum-viktor\/","title":{"rendered":"NUSSBAUM Viktor; Nuszbaum Viktor"},"content":{"rendered":"<p>Szancsal, 1898., \u2020 1944.: tisztvisel\u0151. \u2013 Mv.-en volt tisztvisel\u0151. R\u00e9szt vett az els\u0151 vh.-ban (1916\u201319), az olasz fronton harcolt, fogs\u00e1gba esett. Z\u00e1szlosk\u00e9nt szerelt le kit\u00fcntet\u00e9sekkel. Mv.-r\u0151l deport\u00e1lt\u00e1k (1944. m\u00e1j. 29.). <br \/><strong>Irod.:<\/strong> Erd\u00e9lyi ezredek; Mv.-i zsid\u00f3 temet\u0151 dok.<\/br><\/p>\n","protected":false},"excerpt":{"rendered":"<p>Szancsal, 1898., \u2020 1944.: tisztvisel\u0151. \u2013 Mv.-en volt tisztvisel\u0151. R\u00e9szt vett az els\u0151 vh.-ban (1916\u201319), az olasz fronton harcolt, fogs\u00e1gba esett. Z\u00e1szlosk\u00e9nt szerelt le kit\u00fcntet\u00e9sekkel. Mv.-r\u0151l deport\u00e1lt\u00e1k (1944. m\u00e1j. 29.). Irod.: Erd\u00e9lyi ezredek; Mv.-i zsid\u00f3 temet\u0151 dok.<\/p>\n","protected":false},"featured_media":0,"comment_status":"open","ping_status":"closed","template":"","meta":[],"product_brand":[],"product_cat":[137],"product_tag":[],"class_list":{"0":"post-16867","1":"product","2":"type-product","3":"status-publish","5":"product_cat-maros-megyei-eletrajzi-lexikon","7":"first","8":"instock","9":"shipping-taxable","10":"product-type-simple"},"_links":{"self":[{"href":"https:\/\/uj.adatbank.ro\/lexikon\/wp-json\/wp\/v2\/product\/16867","targetHints":{"allow":["GET"]}}],"collection":[{"href":"https:\/\/uj.adatbank.ro\/lexikon\/wp-json\/wp\/v2\/product"}],"about":[{"href":"https:\/\/uj.adatbank.ro\/lexikon\/wp-json\/wp\/v2\/types\/product"}],"replies":[{"embeddable":true,"href":"https:\/\/uj.adatbank.ro\/lexikon\/wp-json\/wp\/v2\/comments?post=16867"}],"wp:attachment":[{"href":"https:\/\/uj.adatbank.ro\/lexikon\/wp-json\/wp\/v2\/media?parent=16867"}],"wp:term":[{"taxonomy":"product_brand","embeddable":true,"href":"https:\/\/uj.adatbank.ro\/lexikon\/wp-json\/wp\/v2\/product_brand?post=16867"},{"taxonomy":"product_cat","embeddable":true,"href":"https:\/\/uj.adatbank.ro\/lexikon\/wp-json\/wp\/v2\/product_cat?post=16867"},{"taxonomy":"product_tag","embeddable":true,"href":"https:\/\/uj.adatbank.ro\/lexikon\/wp-json\/wp\/v2\/product_tag?post=16867"}],"curies":[{"name":"wp","href":"https:\/\/api.w.org\/{rel}","templated":true}]}}