{"id":1687,"date":"2025-06-28T11:50:01","date_gmt":"2025-06-28T09:50:01","guid":{"rendered":"https:\/\/uj.adatbank.ro\/lexikon\/termek\/ajtai-szabo-gyorgy\/"},"modified":"2025-06-28T11:50:01","modified_gmt":"2025-06-28T09:50:01","slug":"ajtai-szabo-gyorgy","status":"publish","type":"product","link":"https:\/\/uj.adatbank.ro\/lexikon\/termek\/ajtai-szabo-gyorgy\/","title":{"rendered":"AJTAI SZAB\u00d3 Gy\u00f6rgy"},"content":{"rendered":"<p>? \u2020 1985 jan.: ref. lelk\u00e9sz. \u2013 Subscrib\u00e1lt Mv.-en (1722). A G\u00f6rg\u00e9nyi egyh\u00e1zmegy\u00e9be l\u00e9pett (1729). A vajdaszentiv\u00e1nyi zsinaton szentelt\u00e9k papp\u00e1 (1730). P\u00f3k\u00e1ban (1730), Abaf\u00e1j\u00e1n (1734), Maross\u00e1rpatakon (1737\u201343), Magyarr\u00e9genben (1744), Mez\u0151k\u00f6b\u00f6lk\u00faton (1745\u201348), Kisf\u00fclp\u00f6s\u00f6n (1748\u201351), Magyarf\u00fclp\u00f6s\u00f6n (1752\u201355) szolg\u00e1lt. <br \/><strong>Irod.:<\/strong> \u0150sz<\/br><\/p>\n","protected":false},"excerpt":{"rendered":"<p>? \u2020 1985 jan.: ref. lelk\u00e9sz. \u2013 Subscrib\u00e1lt Mv.-en (1722). A G\u00f6rg\u00e9nyi egyh\u00e1zmegy\u00e9be l\u00e9pett (1729). A vajdaszentiv\u00e1nyi zsinaton szentelt\u00e9k papp\u00e1 (1730). P\u00f3k\u00e1ban (1730), Abaf\u00e1j\u00e1n (1734), Maross\u00e1rpatakon (1737\u201343), Magyarr\u00e9genben (1744), Mez\u0151k\u00f6b\u00f6lk\u00faton (1745\u201348), Kisf\u00fclp\u00f6s\u00f6n (1748\u201351), Magyarf\u00fclp\u00f6s\u00f6n (1752\u201355) szolg\u00e1lt. Irod.: \u0150sz<\/p>\n","protected":false},"featured_media":0,"comment_status":"open","ping_status":"closed","template":"","meta":[],"product_brand":[],"product_cat":[137],"product_tag":[],"class_list":{"0":"post-1687","1":"product","2":"type-product","3":"status-publish","5":"product_cat-maros-megyei-eletrajzi-lexikon","7":"first","8":"instock","9":"shipping-taxable","10":"product-type-simple"},"_links":{"self":[{"href":"https:\/\/uj.adatbank.ro\/lexikon\/wp-json\/wp\/v2\/product\/1687","targetHints":{"allow":["GET"]}}],"collection":[{"href":"https:\/\/uj.adatbank.ro\/lexikon\/wp-json\/wp\/v2\/product"}],"about":[{"href":"https:\/\/uj.adatbank.ro\/lexikon\/wp-json\/wp\/v2\/types\/product"}],"replies":[{"embeddable":true,"href":"https:\/\/uj.adatbank.ro\/lexikon\/wp-json\/wp\/v2\/comments?post=1687"}],"wp:attachment":[{"href":"https:\/\/uj.adatbank.ro\/lexikon\/wp-json\/wp\/v2\/media?parent=1687"}],"wp:term":[{"taxonomy":"product_brand","embeddable":true,"href":"https:\/\/uj.adatbank.ro\/lexikon\/wp-json\/wp\/v2\/product_brand?post=1687"},{"taxonomy":"product_cat","embeddable":true,"href":"https:\/\/uj.adatbank.ro\/lexikon\/wp-json\/wp\/v2\/product_cat?post=1687"},{"taxonomy":"product_tag","embeddable":true,"href":"https:\/\/uj.adatbank.ro\/lexikon\/wp-json\/wp\/v2\/product_tag?post=1687"}],"curies":[{"name":"wp","href":"https:\/\/api.w.org\/{rel}","templated":true}]}}