{"id":16872,"date":"2025-07-15T23:33:20","date_gmt":"2025-07-15T21:33:20","guid":{"rendered":"https:\/\/uj.adatbank.ro\/lexikon\/termek\/nutiu-octavia-felicia-maria-%c2%a7\/"},"modified":"2025-07-15T23:33:20","modified_gmt":"2025-07-15T21:33:20","slug":"nutiu-octavia-felicia-maria-%c2%a7","status":"publish","type":"product","link":"https:\/\/uj.adatbank.ro\/lexikon\/termek\/nutiu-octavia-felicia-maria-%c2%a7\/","title":{"rendered":"NU\u0162IU, Octavia Felicia Maria, \u00a7"},"content":{"rendered":"<p>Nagyszeben, 1918. \u00e1pr. 9., \u2020 Mv., 1999. m\u00e1rc. 6.v m\u00e1rc. 20.: pr\u00f3za\u00edr\u00f3, szobr\u00e1szm\u0171v\u00e9sz. \u2013 Gyulafeh\u00e9rv\u00e1ron \u00e9s Kv.-on a \u201dRegina Maria\u201d L\u00edc.-ban tanult, Kv.-on a Regele Ferdinand I. Egyetemjogi kar\u00e1n folytatta tanulmnyait, amelynek utols\u00f3 \u00e9v\u00e9t Szebenben fejezte be. Filoz\u00f3fia szakot is hallgatott, de az \u00f6szt\u00f6nd\u00edj megvon\u00e1sa miatt megszak\u00edtotta (1940). H\u00e1rom \u00e9vig fest\u00e9szetet \u00e9s szobr\u00e1szatot tanult, elv\u00e9gezte a jogot, gyakornok (1941\u201342). A szebeni \u00dcgyv\u00e9di Kamar\u00e1n\u00e1l \u00fcgyv\u00e9d (1942\u201348). Az \u00faj rendszerben Mv.-en bedolgoz\u00f3 \u201eh\u00e1zi munk\u00e1t\u201d v\u00e1llalt a N\u00e9pm\u0171v\u00e9szeti \u00e9s az Igiena Sz\u00f6vetkezetbe (1951\u201354), a Maros Megyei Sz\u00f6vetkezeti Uni\u00f3 n\u00e9pm\u0171v\u00e9szeti technikai referense (1954\u201360). \u00c1thelyeztette mag\u00e1t a \u201eL\u00e1z\u00e1r \u00d6d\u00f6n\u201d V\u00e1llalathoz, amely k\u00e9s\u0151bb \u201eProdcemplex\u201d nevet vette fel. Enn\u00e9l a v\u00e1llalatn\u00e1l (1960 \u2013 72) jogtan\u00e1csos \u00e9s a Jog\u00fcgyi Hivatal f\u0151n\u00f6ke volt. \u00cdr\u00f3k\u00e9nt Kv.-on jelentkezett k\u00fcl\u00f6nb\u00f6z\u0151 sajt\u00f3term\u00e9kekben (1940 el\u0151tt): Tribuna, \u0162ara nou\u00ee, Cuv\u00e2ntul nou. Meg\u00edrta dokumentumreg\u00e9ny\u00e9t Neguri peste Napoca c.-mel (1945 \u2013 46), k\u00e9s\u0151bb csak szorv\u00e1nyosan k\u00f6z\u00f6lt verseket \u00e9s pr\u00f3z\u00e1t a Sc\u00e2nteia, Vatra \u00e9s St. r. lapokban. Interj\u00fakkal volt jelen a mv.-i \u00e9s buk.-i r\u00e1di\u00f3ban. M\u0171k\u00f6d\u00f6tt a Liviu Rebreanu Irodalmi K\u00f6rben. K\u00f6zt\u00e1rsas\u00e1gi szint\u0171 versenyen II. d\u00edjat nyert a \u201eMedita\u0163ia la na\u015fterea unui copil\u201d c. sz\u00ednm\u0171vel. Sok m\u0171v\u00e9t (verset., pr\u00f3z\u00e1t, reg\u00e9nyt) \u201eaz \u00edr\u00f3asztal\u00e1nak\u201d \u00edrt, nem adta ki soha. Alap\u00edt\u00f3tagja \u00e9s vezet\u0151tan\u00e1csi tagja a KMMSz-nek (1977\u2013). K\u00e9pz\u0151m\u0171v\u00e9szk\u00e9nt festm\u00e9nyeket, grafik\u00e1kat, texlil \u2013 \u00e9s faalkot\u00e1sokat k\u00e9sz\u00edtett. T\u00f6bb alkalommal volt ki\u00e1ll\u00edt\u00e1sa, t\u00f6bb d\u00edjat nyert (orsz\u00e1gos I: d\u00edj Textil ki\u00e1ll\u00edt\u00e1son. III:d\u00edj faalkot\u00e1sok\u00e9rt.). \u2013 <strong>F. ki\u00e1ll.:<\/strong> egy\u00e9ni ki\u00e1ll: Mv., Kv., Marosszentgy\u00f6rgy, Szov\u00e1ta. R\u00e9szt vett a Sz\u00f6vets\u00e9g \u00e1ltal Mv.-en \u00e9s a megy\u00e9ben szervezett minden csoportos \u00e9s kollekt\u00edv k\u00e9pz\u0151m\u0171v\u00e9szeti ki\u00e1ll\u00edt\u00e1s\u00e1n (1977\u201393). K\u00e9pz\u0151m\u0171v\u00e9szeti t\u00e1borban volt J\u00f3sikafalv\u00e1n (Kolozs, 1976). M\u0171vei vannak: Kv.-on, Brass\u00f3ban, k\u00fclf\u00f6ldi orsz\u00e1gokban: Olaszo., Magyaro., N\u00e9meto., Franciao., Sv\u00e1jc, Portug\u00e1lia, Anglia, Sv\u00e9do., Cseho., AE\u00c1, Nig\u00e9ria, Kanada, Toki\u00f3, Izrael, Caracas. Mv.-en a K\u00e9pz\u0151m\u0171v\u00e9szeti M\u00fazeumban 90 festm\u00e9nye, grafik\u00e1ja van, amelyekb\u0151l t\u00f6bb mint 30 miniatura. T\u00f6bb iskol\u00e1nak, int\u00e9zm\u00e9nynek, v\u00e1llalatnak adom\u00e1nyozott r\u00e1juk jellemz\u0151 tev\u00e9kenys\u00e9gi ter\u00fcletr\u0151l m\u0171v\u00e9szi alkot\u00e1sokat. A MMK a Tudor Aghezi c.port\u00e9j\u00e1t \u0151rzi. \u2013 <strong>F. m.:<\/strong> Neguri peste Napoca (1997). <br \/><strong>Irod.:<\/strong> AAPM; Cosma<\/br><\/p>\n","protected":false},"excerpt":{"rendered":"<p>Nagyszeben, 1918. \u00e1pr. 9., \u2020 Mv., 1999. m\u00e1rc. 6.v m\u00e1rc. 20.: pr\u00f3za\u00edr\u00f3, szobr\u00e1szm\u0171v\u00e9sz. \u2013 Gyulafeh\u00e9rv\u00e1ron \u00e9s Kv.-on a \u201dRegina Maria\u201d L\u00edc.-ban tanult, Kv.-on a Regele Ferdinand I. Egyetemjogi kar\u00e1n folytatta tanulmnyait, amelynek utols\u00f3 \u00e9v\u00e9t Szebenben fejezte be. Filoz\u00f3fia szakot is hallgatott, de az \u00f6szt\u00f6nd\u00edj megvon\u00e1sa miatt megszak\u00edtotta (1940). H\u00e1rom \u00e9vig fest\u00e9szetet \u00e9s szobr\u00e1szatot tanult, elv\u00e9gezte [&hellip;]<\/p>\n","protected":false},"featured_media":0,"comment_status":"open","ping_status":"closed","template":"","meta":[],"product_brand":[],"product_cat":[137],"product_tag":[],"class_list":{"0":"post-16872","1":"product","2":"type-product","3":"status-publish","5":"product_cat-maros-megyei-eletrajzi-lexikon","7":"first","8":"instock","9":"shipping-taxable","10":"product-type-simple"},"_links":{"self":[{"href":"https:\/\/uj.adatbank.ro\/lexikon\/wp-json\/wp\/v2\/product\/16872","targetHints":{"allow":["GET"]}}],"collection":[{"href":"https:\/\/uj.adatbank.ro\/lexikon\/wp-json\/wp\/v2\/product"}],"about":[{"href":"https:\/\/uj.adatbank.ro\/lexikon\/wp-json\/wp\/v2\/types\/product"}],"replies":[{"embeddable":true,"href":"https:\/\/uj.adatbank.ro\/lexikon\/wp-json\/wp\/v2\/comments?post=16872"}],"wp:attachment":[{"href":"https:\/\/uj.adatbank.ro\/lexikon\/wp-json\/wp\/v2\/media?parent=16872"}],"wp:term":[{"taxonomy":"product_brand","embeddable":true,"href":"https:\/\/uj.adatbank.ro\/lexikon\/wp-json\/wp\/v2\/product_brand?post=16872"},{"taxonomy":"product_cat","embeddable":true,"href":"https:\/\/uj.adatbank.ro\/lexikon\/wp-json\/wp\/v2\/product_cat?post=16872"},{"taxonomy":"product_tag","embeddable":true,"href":"https:\/\/uj.adatbank.ro\/lexikon\/wp-json\/wp\/v2\/product_tag?post=16872"}],"curies":[{"name":"wp","href":"https:\/\/api.w.org\/{rel}","templated":true}]}}