{"id":16873,"date":"2025-07-15T23:33:21","date_gmt":"2025-07-15T21:33:21","guid":{"rendered":"https:\/\/uj.adatbank.ro\/lexikon\/termek\/nutiu-zosim-zosim-vintiu\/"},"modified":"2025-07-15T23:33:21","modified_gmt":"2025-07-15T21:33:21","slug":"nutiu-zosim-zosim-vintiu","status":"publish","type":"product","link":"https:\/\/uj.adatbank.ro\/lexikon\/termek\/nutiu-zosim-zosim-vintiu\/","title":{"rendered":"NU\u0162IU, Zosim; Zosim, Vin\u0163iu"},"content":{"rendered":"<p>? \u2020 ?: ort. pap. \u2013 Teremiben (1908\u201340 \u00e9s 1944\u201348). Elmenek\u00fclt (1940\u201344). M\u00e9g m\u0171k\u00f6d\u00f6tt Ny\u00e1r\u00e1dszentbenedeken (1949\u201365), Bez\u00e9dben (1965\u201371) \u00e9s Harasztker\u00e9ken. <br \/><strong>Irod.:<\/strong> \u015eincan 2006<\/br><\/p>\n","protected":false},"excerpt":{"rendered":"<p>? \u2020 ?: ort. pap. \u2013 Teremiben (1908\u201340 \u00e9s 1944\u201348). Elmenek\u00fclt (1940\u201344). M\u00e9g m\u0171k\u00f6d\u00f6tt Ny\u00e1r\u00e1dszentbenedeken (1949\u201365), Bez\u00e9dben (1965\u201371) \u00e9s Harasztker\u00e9ken. Irod.: \u015eincan 2006<\/p>\n","protected":false},"featured_media":0,"comment_status":"open","ping_status":"closed","template":"","meta":[],"product_brand":[],"product_cat":[137],"product_tag":[],"class_list":{"0":"post-16873","1":"product","2":"type-product","3":"status-publish","5":"product_cat-maros-megyei-eletrajzi-lexikon","7":"first","8":"instock","9":"shipping-taxable","10":"product-type-simple"},"_links":{"self":[{"href":"https:\/\/uj.adatbank.ro\/lexikon\/wp-json\/wp\/v2\/product\/16873","targetHints":{"allow":["GET"]}}],"collection":[{"href":"https:\/\/uj.adatbank.ro\/lexikon\/wp-json\/wp\/v2\/product"}],"about":[{"href":"https:\/\/uj.adatbank.ro\/lexikon\/wp-json\/wp\/v2\/types\/product"}],"replies":[{"embeddable":true,"href":"https:\/\/uj.adatbank.ro\/lexikon\/wp-json\/wp\/v2\/comments?post=16873"}],"wp:attachment":[{"href":"https:\/\/uj.adatbank.ro\/lexikon\/wp-json\/wp\/v2\/media?parent=16873"}],"wp:term":[{"taxonomy":"product_brand","embeddable":true,"href":"https:\/\/uj.adatbank.ro\/lexikon\/wp-json\/wp\/v2\/product_brand?post=16873"},{"taxonomy":"product_cat","embeddable":true,"href":"https:\/\/uj.adatbank.ro\/lexikon\/wp-json\/wp\/v2\/product_cat?post=16873"},{"taxonomy":"product_tag","embeddable":true,"href":"https:\/\/uj.adatbank.ro\/lexikon\/wp-json\/wp\/v2\/product_tag?post=16873"}],"curies":[{"name":"wp","href":"https:\/\/api.w.org\/{rel}","templated":true}]}}