{"id":16874,"date":"2025-07-15T23:33:25","date_gmt":"2025-07-15T21:33:25","guid":{"rendered":"https:\/\/uj.adatbank.ro\/lexikon\/termek\/nutu-ion\/"},"modified":"2025-07-15T23:33:25","modified_gmt":"2025-07-15T21:33:25","slug":"nutu-ion","status":"publish","type":"product","link":"https:\/\/uj.adatbank.ro\/lexikon\/termek\/nutu-ion\/","title":{"rendered":"NU\u0162U Ion"},"content":{"rendered":"<p>? \u2020 ?: fels\u0151r\u00e9pai gy\u0171jt\u0151, adatszolg\u00e1ltat\u00f3. <br \/><strong>Irod.:<\/strong> Netea, Vasile : Mur\u0103\u015f. Mur\u0103\u015f, ap\u0103 lin\u0103 (Reghin, 1936)<\/br><\/p>\n","protected":false},"excerpt":{"rendered":"<p>? \u2020 ?: fels\u0151r\u00e9pai gy\u0171jt\u0151, adatszolg\u00e1ltat\u00f3. Irod.: Netea, Vasile : Mur\u0103\u015f. Mur\u0103\u015f, ap\u0103 lin\u0103 (Reghin, 1936)<\/p>\n","protected":false},"featured_media":0,"comment_status":"open","ping_status":"closed","template":"","meta":[],"product_brand":[],"product_cat":[137],"product_tag":[],"class_list":{"0":"post-16874","1":"product","2":"type-product","3":"status-publish","5":"product_cat-maros-megyei-eletrajzi-lexikon","7":"first","8":"instock","9":"shipping-taxable","10":"product-type-simple"},"_links":{"self":[{"href":"https:\/\/uj.adatbank.ro\/lexikon\/wp-json\/wp\/v2\/product\/16874","targetHints":{"allow":["GET"]}}],"collection":[{"href":"https:\/\/uj.adatbank.ro\/lexikon\/wp-json\/wp\/v2\/product"}],"about":[{"href":"https:\/\/uj.adatbank.ro\/lexikon\/wp-json\/wp\/v2\/types\/product"}],"replies":[{"embeddable":true,"href":"https:\/\/uj.adatbank.ro\/lexikon\/wp-json\/wp\/v2\/comments?post=16874"}],"wp:attachment":[{"href":"https:\/\/uj.adatbank.ro\/lexikon\/wp-json\/wp\/v2\/media?parent=16874"}],"wp:term":[{"taxonomy":"product_brand","embeddable":true,"href":"https:\/\/uj.adatbank.ro\/lexikon\/wp-json\/wp\/v2\/product_brand?post=16874"},{"taxonomy":"product_cat","embeddable":true,"href":"https:\/\/uj.adatbank.ro\/lexikon\/wp-json\/wp\/v2\/product_cat?post=16874"},{"taxonomy":"product_tag","embeddable":true,"href":"https:\/\/uj.adatbank.ro\/lexikon\/wp-json\/wp\/v2\/product_tag?post=16874"}],"curies":[{"name":"wp","href":"https:\/\/api.w.org\/{rel}","templated":true}]}}