{"id":1688,"date":"2025-06-28T11:50:03","date_gmt":"2025-06-28T09:50:03","guid":{"rendered":"https:\/\/uj.adatbank.ro\/lexikon\/termek\/ajtay-endre-%c2%a7-nagyajtai\/"},"modified":"2025-06-28T11:50:03","modified_gmt":"2025-06-28T09:50:03","slug":"ajtay-endre-%c2%a7-nagyajtai","status":"publish","type":"product","link":"https:\/\/uj.adatbank.ro\/lexikon\/termek\/ajtay-endre-%c2%a7-nagyajtai\/","title":{"rendered":"AJTAY Endre, \u00a7 nagyajtai"},"content":{"rendered":"<p>Mv., 1889. j\u00fal. 27, \u2020 Bp., 1964. m\u00e1rc. 16.: katonatiszt, hadt\u00f6rt\u00e9n\u00e9sz, szak\u00edr\u00f3. \u2013 Tanulm\u00e1\u00adnyait a bp.-i Ludovika Akad.-n v\u00e9gezte, hadnaggy\u00e1 avatt\u00e1k (1908. szept. 1.) a 67. k\u00f6z\u00f6s b\u00e9csi gyalogezred Eperjesen l\u00e9v\u0151 z\u00e1szl\u00f3alj\u00e1ban; majd f\u0151hadnagy, \u0151rnagy (1925. k.), alezredes (1930), ezredess\u00e9 l\u00e9ptett\u00e9k el\u0151 (1938). Az I. vh.-ban csapattisztk\u00e9nt harcolt, sebes\u00fcl\u00e9se k\u00f6vetkez\u00adt\u00e9ben hadirokkantt\u00e1 v\u00e1lt. Bp.-en a sajt\u00f3\u00fcgy\u00e9szs\u00e9g katonai szak\u00e9rt\u0151je (1915\u201318), a Hadt\u00f6rt\u00e9neti Lev\u00e9lt\u00e1rban, a K\u00f6zponti Honv\u00e9d K\u00f6nyvt\u00e1r ig. (1935\u201341). Az MTA Hadt\u00f6rt. Bizotts\u00e1g\u00e1nak megh\u00edvott tagja (1935\u201345). Kit\u00fcnt\u00e9sei: III. oszt. Katonai \u00c9rdemkereszt, K\u00e1roly csapatkereszt, Sebes\u00fcltek \u00e9rme egy k\u00f6z\u00e9ps\u00e1vval, Jubileumi kereszt (1908). Els\u0151sor\u00adban a 18\u201319. sz.-i m. hadt\u00f6rt\u00e9net k\u00fcl\u00f6nb\u00f6z\u0151 k\u00e9r\u00add\u00e9seivel foglalkozott. Novell\u00e1kat is \u00edrt. \u2013 <strong>F. m.:<\/strong> <strong>t\u00e1rssz.:<\/strong> A cs. \u00e9s kir.sz\u00e9kely gyalogez\u00adred t\u00f6rt\u00e9nete 1883\u20131919. (Kulla J\u00e1nossal, Bp., 1931); A volt cs. \u00e9s kir. 46. gyalogezred vh.-s t\u00f6rt\u00e9nete 1914\u20131918 (Szeged, 1933); <strong>szerk.:<\/strong> A ma\u00adgyarhusz\u00e1r (Bp., 1936); Er\u00add\u00e9lyi ezredek a vil\u00e1gh\u00e1bor\u00faban (Bp., 1941); A m. gyalogs\u00e1g. (Bp., 1942); A m. katona vit\u00e9zs\u00e9g\u00e9nek ezer \u00e9ve, 1\u20132. F\u0151szerk. (Bp., 1942); k\u00e9zirata: dr\u00e1m\u00e1ja: Az erd\u00e9lyi n\u0151; v\u00edgj\u00e1t\u00e9ka: Anyatigris, t\u00f6bb hadt\u00f6rt\u00e9neti m\u0171ve is k\u00e9ziratban maradt. <br \/><strong>Irod.:<\/strong> Erd\u00e9lyi ezredek; Erd\u0151vid\u00e9k; R\u00daL; \u00daM\u00c9L<\/br><\/p>\n","protected":false},"excerpt":{"rendered":"<p>Mv., 1889. j\u00fal. 27, \u2020 Bp., 1964. m\u00e1rc. 16.: katonatiszt, hadt\u00f6rt\u00e9n\u00e9sz, szak\u00edr\u00f3. \u2013 Tanulm\u00e1\u00adnyait a bp.-i Ludovika Akad.-n v\u00e9gezte, hadnaggy\u00e1 avatt\u00e1k (1908. szept. 1.) a 67. k\u00f6z\u00f6s b\u00e9csi gyalogezred Eperjesen l\u00e9v\u0151 z\u00e1szl\u00f3alj\u00e1ban; majd f\u0151hadnagy, \u0151rnagy (1925. k.), alezredes (1930), ezredess\u00e9 l\u00e9ptett\u00e9k el\u0151 (1938). Az I. vh.-ban csapattisztk\u00e9nt harcolt, sebes\u00fcl\u00e9se k\u00f6vetkez\u00adt\u00e9ben hadirokkantt\u00e1 v\u00e1lt. Bp.-en a sajt\u00f3\u00fcgy\u00e9szs\u00e9g [&hellip;]<\/p>\n","protected":false},"featured_media":0,"comment_status":"open","ping_status":"closed","template":"","meta":[],"product_brand":[],"product_cat":[137],"product_tag":[],"class_list":{"0":"post-1688","1":"product","2":"type-product","3":"status-publish","5":"product_cat-maros-megyei-eletrajzi-lexikon","7":"first","8":"instock","9":"shipping-taxable","10":"product-type-simple"},"_links":{"self":[{"href":"https:\/\/uj.adatbank.ro\/lexikon\/wp-json\/wp\/v2\/product\/1688","targetHints":{"allow":["GET"]}}],"collection":[{"href":"https:\/\/uj.adatbank.ro\/lexikon\/wp-json\/wp\/v2\/product"}],"about":[{"href":"https:\/\/uj.adatbank.ro\/lexikon\/wp-json\/wp\/v2\/types\/product"}],"replies":[{"embeddable":true,"href":"https:\/\/uj.adatbank.ro\/lexikon\/wp-json\/wp\/v2\/comments?post=1688"}],"wp:attachment":[{"href":"https:\/\/uj.adatbank.ro\/lexikon\/wp-json\/wp\/v2\/media?parent=1688"}],"wp:term":[{"taxonomy":"product_brand","embeddable":true,"href":"https:\/\/uj.adatbank.ro\/lexikon\/wp-json\/wp\/v2\/product_brand?post=1688"},{"taxonomy":"product_cat","embeddable":true,"href":"https:\/\/uj.adatbank.ro\/lexikon\/wp-json\/wp\/v2\/product_cat?post=1688"},{"taxonomy":"product_tag","embeddable":true,"href":"https:\/\/uj.adatbank.ro\/lexikon\/wp-json\/wp\/v2\/product_tag?post=1688"}],"curies":[{"name":"wp","href":"https:\/\/api.w.org\/{rel}","templated":true}]}}