{"id":16880,"date":"2025-07-15T23:33:38","date_gmt":"2025-07-15T21:33:38","guid":{"rendered":"https:\/\/uj.adatbank.ro\/lexikon\/termek\/nyaradi-szabo-zoltan\/"},"modified":"2025-07-15T23:33:38","modified_gmt":"2025-07-15T21:33:38","slug":"nyaradi-szabo-zoltan","status":"publish","type":"product","link":"https:\/\/uj.adatbank.ro\/lexikon\/termek\/nyaradi-szabo-zoltan\/","title":{"rendered":"NY\u00c1R\u00c1DI Szab\u00f3 Zolt\u00e1n"},"content":{"rendered":"<p>Szentgerice, 1930. jan.24., \u2020 ? : k\u00f6lt\u0151. \u2013 K\u00f6z\u00e9piskolai tanulm\u00e1nyait Sz\u00e9kelykereszt\u00faron kezdte (1942) de a h\u00e1bor\u00fa miatt h\u00e1rom\u00e9vnyi megszak\u00edt\u00e1s ut\u00e1n folytatta, Mv.-en \u00e9retts\u00e9gizett a Testnevel\u00e9si K\u00f6z\u00e9piskol\u00e1ban (1952). Katonai szolg\u00e1lat\u00e1t Buk.-ben mint sportol\u00f3 t\u00f6lt\u00f6tte : orsz\u00e1gos r\u00fadugr\u00f3 bajnok volt. Elv\u00e9gezte a Testnevel\u00e9si F\u0151iskol\u00e1t (1956\u201360); sporttan\u00e1r a f\u0151v\u00e1rosi 2. sz. Sportiskol\u00e1ban majd Mv.-en (1964\u201383), Mo \u2013n \u00e9lt. Sportt\u00e1rgy\u00fa \u00edr\u00e1sai az Ifj\u00famunk\u00e1sban jelentek meg, a hetvenes \u00e9vek v\u00e9g\u00e9n egy eg\u00e9sz k\u00f6tetre val\u00f3 verssel jelentkezett a Kriterionn\u00e1l bar\u00e1tai (k\u00f6zt\u00fck Panek Zolt\u00e1n) biztat\u00e1s\u00e1ra. Mo.-on is foly\u00f3iratokban jelentekek meg versei. \u2013 F.m. \u2013 Az oroszl\u00e1n el\u0151tt: Versek (Buk., 1979); \u00c9gig \u00e9r\u0151 vermek (Buk., 1982). <br \/><strong>Irod.:<\/strong> RMIL<\/br><\/p>\n","protected":false},"excerpt":{"rendered":"<p>Szentgerice, 1930. jan.24., \u2020 ? : k\u00f6lt\u0151. \u2013 K\u00f6z\u00e9piskolai tanulm\u00e1nyait Sz\u00e9kelykereszt\u00faron kezdte (1942) de a h\u00e1bor\u00fa miatt h\u00e1rom\u00e9vnyi megszak\u00edt\u00e1s ut\u00e1n folytatta, Mv.-en \u00e9retts\u00e9gizett a Testnevel\u00e9si K\u00f6z\u00e9piskol\u00e1ban (1952). Katonai szolg\u00e1lat\u00e1t Buk.-ben mint sportol\u00f3 t\u00f6lt\u00f6tte : orsz\u00e1gos r\u00fadugr\u00f3 bajnok volt. Elv\u00e9gezte a Testnevel\u00e9si F\u0151iskol\u00e1t (1956\u201360); sporttan\u00e1r a f\u0151v\u00e1rosi 2. sz. Sportiskol\u00e1ban majd Mv.-en (1964\u201383), Mo \u2013n \u00e9lt. [&hellip;]<\/p>\n","protected":false},"featured_media":0,"comment_status":"open","ping_status":"closed","template":"","meta":[],"product_brand":[],"product_cat":[137],"product_tag":[],"class_list":{"0":"post-16880","1":"product","2":"type-product","3":"status-publish","5":"product_cat-maros-megyei-eletrajzi-lexikon","7":"first","8":"instock","9":"shipping-taxable","10":"product-type-simple"},"_links":{"self":[{"href":"https:\/\/uj.adatbank.ro\/lexikon\/wp-json\/wp\/v2\/product\/16880","targetHints":{"allow":["GET"]}}],"collection":[{"href":"https:\/\/uj.adatbank.ro\/lexikon\/wp-json\/wp\/v2\/product"}],"about":[{"href":"https:\/\/uj.adatbank.ro\/lexikon\/wp-json\/wp\/v2\/types\/product"}],"replies":[{"embeddable":true,"href":"https:\/\/uj.adatbank.ro\/lexikon\/wp-json\/wp\/v2\/comments?post=16880"}],"wp:attachment":[{"href":"https:\/\/uj.adatbank.ro\/lexikon\/wp-json\/wp\/v2\/media?parent=16880"}],"wp:term":[{"taxonomy":"product_brand","embeddable":true,"href":"https:\/\/uj.adatbank.ro\/lexikon\/wp-json\/wp\/v2\/product_brand?post=16880"},{"taxonomy":"product_cat","embeddable":true,"href":"https:\/\/uj.adatbank.ro\/lexikon\/wp-json\/wp\/v2\/product_cat?post=16880"},{"taxonomy":"product_tag","embeddable":true,"href":"https:\/\/uj.adatbank.ro\/lexikon\/wp-json\/wp\/v2\/product_tag?post=16880"}],"curies":[{"name":"wp","href":"https:\/\/api.w.org\/{rel}","templated":true}]}}