{"id":16883,"date":"2025-07-15T23:33:44","date_gmt":"2025-07-15T21:33:44","guid":{"rendered":"https:\/\/uj.adatbank.ro\/lexikon\/termek\/nyarady-toldalagi-csalad\/"},"modified":"2025-07-15T23:33:44","modified_gmt":"2025-07-15T21:33:44","slug":"nyarady-toldalagi-csalad","status":"publish","type":"product","link":"https:\/\/uj.adatbank.ro\/lexikon\/termek\/nyarady-toldalagi-csalad\/","title":{"rendered":"NY\u00c1R\u00c1DY, toldalagi csal\u00e1d"},"content":{"rendered":"<p>C\u00edmerpecs\u00e9t a gr. Teleki lev\u00e9lt\u00e1rban Mv. <br \/><strong>Irod.:<\/strong> Kempelen<\/br><\/p>\n","protected":false},"excerpt":{"rendered":"<p>C\u00edmerpecs\u00e9t a gr. Teleki lev\u00e9lt\u00e1rban Mv. Irod.: Kempelen<\/p>\n","protected":false},"featured_media":0,"comment_status":"open","ping_status":"closed","template":"","meta":[],"product_brand":[],"product_cat":[137],"product_tag":[],"class_list":{"0":"post-16883","1":"product","2":"type-product","3":"status-publish","5":"product_cat-maros-megyei-eletrajzi-lexikon","7":"first","8":"instock","9":"shipping-taxable","10":"product-type-simple"},"_links":{"self":[{"href":"https:\/\/uj.adatbank.ro\/lexikon\/wp-json\/wp\/v2\/product\/16883","targetHints":{"allow":["GET"]}}],"collection":[{"href":"https:\/\/uj.adatbank.ro\/lexikon\/wp-json\/wp\/v2\/product"}],"about":[{"href":"https:\/\/uj.adatbank.ro\/lexikon\/wp-json\/wp\/v2\/types\/product"}],"replies":[{"embeddable":true,"href":"https:\/\/uj.adatbank.ro\/lexikon\/wp-json\/wp\/v2\/comments?post=16883"}],"wp:attachment":[{"href":"https:\/\/uj.adatbank.ro\/lexikon\/wp-json\/wp\/v2\/media?parent=16883"}],"wp:term":[{"taxonomy":"product_brand","embeddable":true,"href":"https:\/\/uj.adatbank.ro\/lexikon\/wp-json\/wp\/v2\/product_brand?post=16883"},{"taxonomy":"product_cat","embeddable":true,"href":"https:\/\/uj.adatbank.ro\/lexikon\/wp-json\/wp\/v2\/product_cat?post=16883"},{"taxonomy":"product_tag","embeddable":true,"href":"https:\/\/uj.adatbank.ro\/lexikon\/wp-json\/wp\/v2\/product_tag?post=16883"}],"curies":[{"name":"wp","href":"https:\/\/api.w.org\/{rel}","templated":true}]}}