{"id":16886,"date":"2025-07-15T23:33:51","date_gmt":"2025-07-15T21:33:51","guid":{"rendered":"https:\/\/uj.adatbank.ro\/lexikon\/termek\/nyarady-domokos-toldalagi\/"},"modified":"2025-07-15T23:33:51","modified_gmt":"2025-07-15T21:33:51","slug":"nyarady-domokos-toldalagi","status":"publish","type":"product","link":"https:\/\/uj.adatbank.ro\/lexikon\/termek\/nyarady-domokos-toldalagi\/","title":{"rendered":"NY\u00c1R\u00c1DY Domokos, toldalagi"},"content":{"rendered":"<p>? \u2020 ?: ?. \u2013 Feles\u00e9ge: mez\u0151paniti Bod\u00f3 Ter\u00e9z. Gyermekeik: Ny. Zolt\u00e1n, feles\u00e9ge Szmolenszky Lenke; Ny. \u00d6d\u00f6n, feles\u00e9ge Bartha Lujza; Domokos. <br \/><strong>Irod.:<\/strong> Gy\u00e1szjelent\u0151<\/br><\/p>\n","protected":false},"excerpt":{"rendered":"<p>? \u2020 ?: ?. \u2013 Feles\u00e9ge: mez\u0151paniti Bod\u00f3 Ter\u00e9z. Gyermekeik: Ny. Zolt\u00e1n, feles\u00e9ge Szmolenszky Lenke; Ny. \u00d6d\u00f6n, feles\u00e9ge Bartha Lujza; Domokos. Irod.: Gy\u00e1szjelent\u0151<\/p>\n","protected":false},"featured_media":0,"comment_status":"open","ping_status":"closed","template":"","meta":[],"product_brand":[],"product_cat":[137],"product_tag":[],"class_list":{"0":"post-16886","1":"product","2":"type-product","3":"status-publish","5":"product_cat-maros-megyei-eletrajzi-lexikon","7":"first","8":"instock","9":"shipping-taxable","10":"product-type-simple"},"_links":{"self":[{"href":"https:\/\/uj.adatbank.ro\/lexikon\/wp-json\/wp\/v2\/product\/16886","targetHints":{"allow":["GET"]}}],"collection":[{"href":"https:\/\/uj.adatbank.ro\/lexikon\/wp-json\/wp\/v2\/product"}],"about":[{"href":"https:\/\/uj.adatbank.ro\/lexikon\/wp-json\/wp\/v2\/types\/product"}],"replies":[{"embeddable":true,"href":"https:\/\/uj.adatbank.ro\/lexikon\/wp-json\/wp\/v2\/comments?post=16886"}],"wp:attachment":[{"href":"https:\/\/uj.adatbank.ro\/lexikon\/wp-json\/wp\/v2\/media?parent=16886"}],"wp:term":[{"taxonomy":"product_brand","embeddable":true,"href":"https:\/\/uj.adatbank.ro\/lexikon\/wp-json\/wp\/v2\/product_brand?post=16886"},{"taxonomy":"product_cat","embeddable":true,"href":"https:\/\/uj.adatbank.ro\/lexikon\/wp-json\/wp\/v2\/product_cat?post=16886"},{"taxonomy":"product_tag","embeddable":true,"href":"https:\/\/uj.adatbank.ro\/lexikon\/wp-json\/wp\/v2\/product_tag?post=16886"}],"curies":[{"name":"wp","href":"https:\/\/api.w.org\/{rel}","templated":true}]}}