{"id":16891,"date":"2025-07-15T23:34:01","date_gmt":"2025-07-15T21:34:01","guid":{"rendered":"https:\/\/uj.adatbank.ro\/lexikon\/termek\/nyarady-istvan-2\/"},"modified":"2025-07-15T23:34:01","modified_gmt":"2025-07-15T21:34:01","slug":"nyarady-istvan-2","status":"publish","type":"product","link":"https:\/\/uj.adatbank.ro\/lexikon\/termek\/nyarady-istvan-2\/","title":{"rendered":"NY\u00c1R\u00c1DY Istv\u00e1n"},"content":{"rendered":"<p>1920.?, \u2020 Mv., 1993. nov. 21.: k\u00f6zgazd\u00e1sz. \u2013 A mv.-i Elektromaros v\u00e1llalat volt k\u00f6zgazd\u00e1sza. <br \/><strong>Irod.:<\/strong> [Nekrol\u00f3g] (N\u00fa., 1993. nov. 23.)<\/br><\/p>\n","protected":false},"excerpt":{"rendered":"<p>1920.?, \u2020 Mv., 1993. nov. 21.: k\u00f6zgazd\u00e1sz. \u2013 A mv.-i Elektromaros v\u00e1llalat volt k\u00f6zgazd\u00e1sza. Irod.: [Nekrol\u00f3g] (N\u00fa., 1993. nov. 23.)<\/p>\n","protected":false},"featured_media":0,"comment_status":"open","ping_status":"closed","template":"","meta":[],"product_brand":[],"product_cat":[137],"product_tag":[],"class_list":{"0":"post-16891","1":"product","2":"type-product","3":"status-publish","5":"product_cat-maros-megyei-eletrajzi-lexikon","7":"first","8":"instock","9":"shipping-taxable","10":"product-type-simple"},"_links":{"self":[{"href":"https:\/\/uj.adatbank.ro\/lexikon\/wp-json\/wp\/v2\/product\/16891","targetHints":{"allow":["GET"]}}],"collection":[{"href":"https:\/\/uj.adatbank.ro\/lexikon\/wp-json\/wp\/v2\/product"}],"about":[{"href":"https:\/\/uj.adatbank.ro\/lexikon\/wp-json\/wp\/v2\/types\/product"}],"replies":[{"embeddable":true,"href":"https:\/\/uj.adatbank.ro\/lexikon\/wp-json\/wp\/v2\/comments?post=16891"}],"wp:attachment":[{"href":"https:\/\/uj.adatbank.ro\/lexikon\/wp-json\/wp\/v2\/media?parent=16891"}],"wp:term":[{"taxonomy":"product_brand","embeddable":true,"href":"https:\/\/uj.adatbank.ro\/lexikon\/wp-json\/wp\/v2\/product_brand?post=16891"},{"taxonomy":"product_cat","embeddable":true,"href":"https:\/\/uj.adatbank.ro\/lexikon\/wp-json\/wp\/v2\/product_cat?post=16891"},{"taxonomy":"product_tag","embeddable":true,"href":"https:\/\/uj.adatbank.ro\/lexikon\/wp-json\/wp\/v2\/product_tag?post=16891"}],"curies":[{"name":"wp","href":"https:\/\/api.w.org\/{rel}","templated":true}]}}