{"id":16892,"date":"2025-07-15T23:34:03","date_gmt":"2025-07-15T21:34:03","guid":{"rendered":"https:\/\/uj.adatbank.ro\/lexikon\/termek\/nyarady-istvan-nyaradi-istvan\/"},"modified":"2025-07-15T23:34:03","modified_gmt":"2025-07-15T21:34:03","slug":"nyarady-istvan-nyaradi-istvan","status":"publish","type":"product","link":"https:\/\/uj.adatbank.ro\/lexikon\/termek\/nyarady-istvan-nyaradi-istvan\/","title":{"rendered":"NY\u00c1R\u00c1DY Istv\u00e1n, Ny\u00e1r\u00e1di Istv\u00e1n"},"content":{"rendered":"<p>Sz\u00e9kelys\u00e1rd, 1886., \u2020 ?: k\u00f6zs\u00e9gi b\u00edr\u00f3. \u2013 Iskol\u00e1i elv\u00e9gz\u00e9se ut\u00e1n a p\u00e9nz\u00fcgy\u0151rs\u00e9ghez ker\u00fclt. Az els\u0151 vh.-ban a 62. k. gy. ezreddel az orosz fronton harcolt, ahol fogs\u00e1gba esett. Hazat\u00e9r\u00e9se ut\u00e1n (1918\u2013) gazd\u00e1lkodott Sz\u00e9kelys\u00e1rdon. Tekint\u00e9lyes polg\u00e1ra Sz\u00e9kelys\u00e1rdnak, az egyh\u00e1z gondnoka, k\u00f6zs\u00e9gi tan\u00e1csos, k\u00f6zs\u00e9gi b\u00edr\u00f3 (1940\u2013) volt.. <br \/><strong>Irod.:<\/strong> Sz\u00e9kelyf\u00f6ld \u00ed.k.<\/br><\/p>\n","protected":false},"excerpt":{"rendered":"<p>Sz\u00e9kelys\u00e1rd, 1886., \u2020 ?: k\u00f6zs\u00e9gi b\u00edr\u00f3. \u2013 Iskol\u00e1i elv\u00e9gz\u00e9se ut\u00e1n a p\u00e9nz\u00fcgy\u0151rs\u00e9ghez ker\u00fclt. Az els\u0151 vh.-ban a 62. k. gy. ezreddel az orosz fronton harcolt, ahol fogs\u00e1gba esett. Hazat\u00e9r\u00e9se ut\u00e1n (1918\u2013) gazd\u00e1lkodott Sz\u00e9kelys\u00e1rdon. Tekint\u00e9lyes polg\u00e1ra Sz\u00e9kelys\u00e1rdnak, az egyh\u00e1z gondnoka, k\u00f6zs\u00e9gi tan\u00e1csos, k\u00f6zs\u00e9gi b\u00edr\u00f3 (1940\u2013) volt.. Irod.: Sz\u00e9kelyf\u00f6ld \u00ed.k.<\/p>\n","protected":false},"featured_media":0,"comment_status":"open","ping_status":"closed","template":"","meta":[],"product_brand":[],"product_cat":[137],"product_tag":[],"class_list":{"0":"post-16892","1":"product","2":"type-product","3":"status-publish","5":"product_cat-maros-megyei-eletrajzi-lexikon","7":"first","8":"instock","9":"shipping-taxable","10":"product-type-simple"},"_links":{"self":[{"href":"https:\/\/uj.adatbank.ro\/lexikon\/wp-json\/wp\/v2\/product\/16892","targetHints":{"allow":["GET"]}}],"collection":[{"href":"https:\/\/uj.adatbank.ro\/lexikon\/wp-json\/wp\/v2\/product"}],"about":[{"href":"https:\/\/uj.adatbank.ro\/lexikon\/wp-json\/wp\/v2\/types\/product"}],"replies":[{"embeddable":true,"href":"https:\/\/uj.adatbank.ro\/lexikon\/wp-json\/wp\/v2\/comments?post=16892"}],"wp:attachment":[{"href":"https:\/\/uj.adatbank.ro\/lexikon\/wp-json\/wp\/v2\/media?parent=16892"}],"wp:term":[{"taxonomy":"product_brand","embeddable":true,"href":"https:\/\/uj.adatbank.ro\/lexikon\/wp-json\/wp\/v2\/product_brand?post=16892"},{"taxonomy":"product_cat","embeddable":true,"href":"https:\/\/uj.adatbank.ro\/lexikon\/wp-json\/wp\/v2\/product_cat?post=16892"},{"taxonomy":"product_tag","embeddable":true,"href":"https:\/\/uj.adatbank.ro\/lexikon\/wp-json\/wp\/v2\/product_tag?post=16892"}],"curies":[{"name":"wp","href":"https:\/\/api.w.org\/{rel}","templated":true}]}}