{"id":16893,"date":"2025-07-15T23:34:04","date_gmt":"2025-07-15T21:34:04","guid":{"rendered":"https:\/\/uj.adatbank.ro\/lexikon\/termek\/nyarady-istvan-toldalagi\/"},"modified":"2025-07-15T23:34:04","modified_gmt":"2025-07-15T21:34:04","slug":"nyarady-istvan-toldalagi","status":"publish","type":"product","link":"https:\/\/uj.adatbank.ro\/lexikon\/termek\/nyarady-istvan-toldalagi\/","title":{"rendered":"NY\u00c1R\u00c1DY Istv\u00e1n, toldalagi"},"content":{"rendered":"<p>1820.? \u2020 Mv., 1883. nov. 30.: \u00fcgyv\u00e9d. \u2013 Testv\u00e9re: Ny. G\u00e1bor. Feles\u00e9ge: 1. D\u00e9\u00e9sy Eszter (1827.? \u2013 Mv., 1861. febr. 2.); Gyermekeik: Mari, Gyula, G\u00e1bor, Istv\u00e1n; 2. Rozsnyai Zsuzsanna (1828.?, \u2020 Udvarfalva, 1884. szept. 15.).Fia: Ny. K\u00e1roly; Mostoha fia: dr. Ny. Gyula, feles\u00e9ge Rozsnyai Ilona; Ny. G\u00e1bor. \u2013 Diplom\u00e1s \u00fcgyv\u00e9d, Marostordamegye t\u00f6bb bizotts\u00e1g\u00e1nak tagja. <br \/><strong>Irod.:<\/strong> Gy\u00e1szjelent\u0151<\/br><\/p>\n","protected":false},"excerpt":{"rendered":"<p>1820.? \u2020 Mv., 1883. nov. 30.: \u00fcgyv\u00e9d. \u2013 Testv\u00e9re: Ny. G\u00e1bor. Feles\u00e9ge: 1. D\u00e9\u00e9sy Eszter (1827.? \u2013 Mv., 1861. febr. 2.); Gyermekeik: Mari, Gyula, G\u00e1bor, Istv\u00e1n; 2. Rozsnyai Zsuzsanna (1828.?, \u2020 Udvarfalva, 1884. szept. 15.).Fia: Ny. K\u00e1roly; Mostoha fia: dr. Ny. Gyula, feles\u00e9ge Rozsnyai Ilona; Ny. G\u00e1bor. \u2013 Diplom\u00e1s \u00fcgyv\u00e9d, Marostordamegye t\u00f6bb bizotts\u00e1g\u00e1nak tagja. Irod.: [&hellip;]<\/p>\n","protected":false},"featured_media":0,"comment_status":"open","ping_status":"closed","template":"","meta":[],"product_brand":[],"product_cat":[137],"product_tag":[],"class_list":{"0":"post-16893","1":"product","2":"type-product","3":"status-publish","5":"product_cat-maros-megyei-eletrajzi-lexikon","7":"first","8":"instock","9":"shipping-taxable","10":"product-type-simple"},"_links":{"self":[{"href":"https:\/\/uj.adatbank.ro\/lexikon\/wp-json\/wp\/v2\/product\/16893","targetHints":{"allow":["GET"]}}],"collection":[{"href":"https:\/\/uj.adatbank.ro\/lexikon\/wp-json\/wp\/v2\/product"}],"about":[{"href":"https:\/\/uj.adatbank.ro\/lexikon\/wp-json\/wp\/v2\/types\/product"}],"replies":[{"embeddable":true,"href":"https:\/\/uj.adatbank.ro\/lexikon\/wp-json\/wp\/v2\/comments?post=16893"}],"wp:attachment":[{"href":"https:\/\/uj.adatbank.ro\/lexikon\/wp-json\/wp\/v2\/media?parent=16893"}],"wp:term":[{"taxonomy":"product_brand","embeddable":true,"href":"https:\/\/uj.adatbank.ro\/lexikon\/wp-json\/wp\/v2\/product_brand?post=16893"},{"taxonomy":"product_cat","embeddable":true,"href":"https:\/\/uj.adatbank.ro\/lexikon\/wp-json\/wp\/v2\/product_cat?post=16893"},{"taxonomy":"product_tag","embeddable":true,"href":"https:\/\/uj.adatbank.ro\/lexikon\/wp-json\/wp\/v2\/product_tag?post=16893"}],"curies":[{"name":"wp","href":"https:\/\/api.w.org\/{rel}","templated":true}]}}