{"id":16894,"date":"2025-07-15T23:34:06","date_gmt":"2025-07-15T21:34:06","guid":{"rendered":"https:\/\/uj.adatbank.ro\/lexikon\/termek\/nyarady-olga\/"},"modified":"2025-07-15T23:34:06","modified_gmt":"2025-07-15T21:34:06","slug":"nyarady-olga","status":"publish","type":"product","link":"https:\/\/uj.adatbank.ro\/lexikon\/termek\/nyarady-olga\/","title":{"rendered":"NY\u00c1R\u00c1DY Olga"},"content":{"rendered":"<p>? \u2020 Mv., 1993. jan. 12.: a Filharm\u00f3nia tagaja. <br \/><strong>Irod.:<\/strong> [Nekrol\u00f3g](N\u00fa., 1993. jan. 12.)<\/br><\/p>\n","protected":false},"excerpt":{"rendered":"<p>? \u2020 Mv., 1993. jan. 12.: a Filharm\u00f3nia tagaja. Irod.: [Nekrol\u00f3g](N\u00fa., 1993. jan. 12.)<\/p>\n","protected":false},"featured_media":0,"comment_status":"open","ping_status":"closed","template":"","meta":[],"product_brand":[],"product_cat":[137],"product_tag":[],"class_list":{"0":"post-16894","1":"product","2":"type-product","3":"status-publish","5":"product_cat-maros-megyei-eletrajzi-lexikon","7":"first","8":"instock","9":"shipping-taxable","10":"product-type-simple"},"_links":{"self":[{"href":"https:\/\/uj.adatbank.ro\/lexikon\/wp-json\/wp\/v2\/product\/16894","targetHints":{"allow":["GET"]}}],"collection":[{"href":"https:\/\/uj.adatbank.ro\/lexikon\/wp-json\/wp\/v2\/product"}],"about":[{"href":"https:\/\/uj.adatbank.ro\/lexikon\/wp-json\/wp\/v2\/types\/product"}],"replies":[{"embeddable":true,"href":"https:\/\/uj.adatbank.ro\/lexikon\/wp-json\/wp\/v2\/comments?post=16894"}],"wp:attachment":[{"href":"https:\/\/uj.adatbank.ro\/lexikon\/wp-json\/wp\/v2\/media?parent=16894"}],"wp:term":[{"taxonomy":"product_brand","embeddable":true,"href":"https:\/\/uj.adatbank.ro\/lexikon\/wp-json\/wp\/v2\/product_brand?post=16894"},{"taxonomy":"product_cat","embeddable":true,"href":"https:\/\/uj.adatbank.ro\/lexikon\/wp-json\/wp\/v2\/product_cat?post=16894"},{"taxonomy":"product_tag","embeddable":true,"href":"https:\/\/uj.adatbank.ro\/lexikon\/wp-json\/wp\/v2\/product_tag?post=16894"}],"curies":[{"name":"wp","href":"https:\/\/api.w.org\/{rel}","templated":true}]}}