{"id":16895,"date":"2025-07-15T23:34:10","date_gmt":"2025-07-15T21:34:10","guid":{"rendered":"https:\/\/uj.adatbank.ro\/lexikon\/termek\/nyarady-pal-toldalagi\/"},"modified":"2025-07-15T23:34:10","modified_gmt":"2025-07-15T21:34:10","slug":"nyarady-pal-toldalagi","status":"publish","type":"product","link":"https:\/\/uj.adatbank.ro\/lexikon\/termek\/nyarady-pal-toldalagi\/","title":{"rendered":"NY\u00c1R\u00c1DY P\u00e1l, toldalagi"},"content":{"rendered":"<p>1888.? \u2020 B\u00faz\u00e1sbeseny\u0151, 1914. szept. 17.: aljegyz\u0151. \u2013 Ny. Gyula \u00e9s marosj\u00e1rai Rosnyai Ilona fia. Testv\u00e9rei: Ny. Ilonka Rusztek K\u00e1rolyn\u00e9; Ny. Katinka, \u00e9s Erzsi. \u2013 \u00dcgyv\u00e9d, dr., Kis-k\u00fck\u00fcll\u0151 vm. tb. aljegyz\u0151je. <br \/><strong>Irod.:<\/strong> Gy\u00e1szjelent\u0151<\/br><\/p>\n","protected":false},"excerpt":{"rendered":"<p>1888.? \u2020 B\u00faz\u00e1sbeseny\u0151, 1914. szept. 17.: aljegyz\u0151. \u2013 Ny. Gyula \u00e9s marosj\u00e1rai Rosnyai Ilona fia. Testv\u00e9rei: Ny. Ilonka Rusztek K\u00e1rolyn\u00e9; Ny. Katinka, \u00e9s Erzsi. \u2013 \u00dcgyv\u00e9d, dr., Kis-k\u00fck\u00fcll\u0151 vm. tb. aljegyz\u0151je. Irod.: Gy\u00e1szjelent\u0151<\/p>\n","protected":false},"featured_media":0,"comment_status":"open","ping_status":"closed","template":"","meta":[],"product_brand":[],"product_cat":[137],"product_tag":[],"class_list":{"0":"post-16895","1":"product","2":"type-product","3":"status-publish","5":"product_cat-maros-megyei-eletrajzi-lexikon","7":"first","8":"instock","9":"shipping-taxable","10":"product-type-simple"},"_links":{"self":[{"href":"https:\/\/uj.adatbank.ro\/lexikon\/wp-json\/wp\/v2\/product\/16895","targetHints":{"allow":["GET"]}}],"collection":[{"href":"https:\/\/uj.adatbank.ro\/lexikon\/wp-json\/wp\/v2\/product"}],"about":[{"href":"https:\/\/uj.adatbank.ro\/lexikon\/wp-json\/wp\/v2\/types\/product"}],"replies":[{"embeddable":true,"href":"https:\/\/uj.adatbank.ro\/lexikon\/wp-json\/wp\/v2\/comments?post=16895"}],"wp:attachment":[{"href":"https:\/\/uj.adatbank.ro\/lexikon\/wp-json\/wp\/v2\/media?parent=16895"}],"wp:term":[{"taxonomy":"product_brand","embeddable":true,"href":"https:\/\/uj.adatbank.ro\/lexikon\/wp-json\/wp\/v2\/product_brand?post=16895"},{"taxonomy":"product_cat","embeddable":true,"href":"https:\/\/uj.adatbank.ro\/lexikon\/wp-json\/wp\/v2\/product_cat?post=16895"},{"taxonomy":"product_tag","embeddable":true,"href":"https:\/\/uj.adatbank.ro\/lexikon\/wp-json\/wp\/v2\/product_tag?post=16895"}],"curies":[{"name":"wp","href":"https:\/\/api.w.org\/{rel}","templated":true}]}}