{"id":16896,"date":"2025-07-15T23:34:12","date_gmt":"2025-07-15T21:34:12","guid":{"rendered":"https:\/\/uj.adatbank.ro\/lexikon\/termek\/nyary-ivan\/"},"modified":"2025-07-15T23:34:12","modified_gmt":"2025-07-15T21:34:12","slug":"nyary-ivan","status":"publish","type":"product","link":"https:\/\/uj.adatbank.ro\/lexikon\/termek\/nyary-ivan\/","title":{"rendered":"NY\u00c1RY Iv\u00e1n"},"content":{"rendered":"<p>? \u2020 ?: alezredes. \u2013 Az I. vh.-ban a 22. mv.-i gyalogezredben teljes\u00edtett szolg\u00e1latot. Az olasz fronton harcoltak, onnan rendelt\u00e9k haza az ezredet a hat\u00e1rok v\u00e9delm\u00e9re (1918. okt.). Meg\u00edrta az ezred t\u00f6rt\u00e9net\u00e9t. \u2013 <strong>F. m.:<\/strong> M. kir. marosv\u00e1s\u00e1rhelyi 22. honv\u00e9d gyalogezred = Erd\u00e9lyi ezredek a vil\u00e1gh\u00e1bor\u00faban 1914\u20131918 (Bp., 1941). <br \/><strong>Irod.:<\/strong> F\u00fcl\u00f6p\u2013Ferencz; Gottfried\u2013Nagy<\/br><\/p>\n","protected":false},"excerpt":{"rendered":"<p>? \u2020 ?: alezredes. \u2013 Az I. vh.-ban a 22. mv.-i gyalogezredben teljes\u00edtett szolg\u00e1latot. Az olasz fronton harcoltak, onnan rendelt\u00e9k haza az ezredet a hat\u00e1rok v\u00e9delm\u00e9re (1918. okt.). Meg\u00edrta az ezred t\u00f6rt\u00e9net\u00e9t. \u2013 F. m.: M. kir. marosv\u00e1s\u00e1rhelyi 22. honv\u00e9d gyalogezred = Erd\u00e9lyi ezredek a vil\u00e1gh\u00e1bor\u00faban 1914\u20131918 (Bp., 1941). Irod.: F\u00fcl\u00f6p\u2013Ferencz; Gottfried\u2013Nagy<\/p>\n","protected":false},"featured_media":0,"comment_status":"open","ping_status":"closed","template":"","meta":[],"product_brand":[],"product_cat":[137],"product_tag":[],"class_list":{"0":"post-16896","1":"product","2":"type-product","3":"status-publish","5":"product_cat-maros-megyei-eletrajzi-lexikon","7":"first","8":"instock","9":"shipping-taxable","10":"product-type-simple"},"_links":{"self":[{"href":"https:\/\/uj.adatbank.ro\/lexikon\/wp-json\/wp\/v2\/product\/16896","targetHints":{"allow":["GET"]}}],"collection":[{"href":"https:\/\/uj.adatbank.ro\/lexikon\/wp-json\/wp\/v2\/product"}],"about":[{"href":"https:\/\/uj.adatbank.ro\/lexikon\/wp-json\/wp\/v2\/types\/product"}],"replies":[{"embeddable":true,"href":"https:\/\/uj.adatbank.ro\/lexikon\/wp-json\/wp\/v2\/comments?post=16896"}],"wp:attachment":[{"href":"https:\/\/uj.adatbank.ro\/lexikon\/wp-json\/wp\/v2\/media?parent=16896"}],"wp:term":[{"taxonomy":"product_brand","embeddable":true,"href":"https:\/\/uj.adatbank.ro\/lexikon\/wp-json\/wp\/v2\/product_brand?post=16896"},{"taxonomy":"product_cat","embeddable":true,"href":"https:\/\/uj.adatbank.ro\/lexikon\/wp-json\/wp\/v2\/product_cat?post=16896"},{"taxonomy":"product_tag","embeddable":true,"href":"https:\/\/uj.adatbank.ro\/lexikon\/wp-json\/wp\/v2\/product_tag?post=16896"}],"curies":[{"name":"wp","href":"https:\/\/api.w.org\/{rel}","templated":true}]}}