{"id":16897,"date":"2025-07-15T23:34:14","date_gmt":"2025-07-15T21:34:14","guid":{"rendered":"https:\/\/uj.adatbank.ro\/lexikon\/termek\/nyerges-ferenc\/"},"modified":"2025-07-15T23:34:14","modified_gmt":"2025-07-15T21:34:14","slug":"nyerges-ferenc","status":"publish","type":"product","link":"https:\/\/uj.adatbank.ro\/lexikon\/termek\/nyerges-ferenc\/","title":{"rendered":"NYERGES Ferenc"},"content":{"rendered":"<p>? \u2020 ? : f\u00f6ldbirtokos. \u2013 Marosludason volt 90 hold, 713 n\u00e9gysz\u00f6g\u00f6l birtokoka (1861), a hat\u00e1rr\u00e9szket a birtokosokr\u00f3l nevezt\u00e9k el. <br \/><strong>Irod.:<\/strong> Pesty 2014<\/br><\/p>\n","protected":false},"excerpt":{"rendered":"<p>? \u2020 ? : f\u00f6ldbirtokos. \u2013 Marosludason volt 90 hold, 713 n\u00e9gysz\u00f6g\u00f6l birtokoka (1861), a hat\u00e1rr\u00e9szket a birtokosokr\u00f3l nevezt\u00e9k el. Irod.: Pesty 2014<\/p>\n","protected":false},"featured_media":0,"comment_status":"open","ping_status":"closed","template":"","meta":[],"product_brand":[],"product_cat":[137],"product_tag":[],"class_list":{"0":"post-16897","1":"product","2":"type-product","3":"status-publish","5":"product_cat-maros-megyei-eletrajzi-lexikon","7":"first","8":"instock","9":"shipping-taxable","10":"product-type-simple"},"_links":{"self":[{"href":"https:\/\/uj.adatbank.ro\/lexikon\/wp-json\/wp\/v2\/product\/16897","targetHints":{"allow":["GET"]}}],"collection":[{"href":"https:\/\/uj.adatbank.ro\/lexikon\/wp-json\/wp\/v2\/product"}],"about":[{"href":"https:\/\/uj.adatbank.ro\/lexikon\/wp-json\/wp\/v2\/types\/product"}],"replies":[{"embeddable":true,"href":"https:\/\/uj.adatbank.ro\/lexikon\/wp-json\/wp\/v2\/comments?post=16897"}],"wp:attachment":[{"href":"https:\/\/uj.adatbank.ro\/lexikon\/wp-json\/wp\/v2\/media?parent=16897"}],"wp:term":[{"taxonomy":"product_brand","embeddable":true,"href":"https:\/\/uj.adatbank.ro\/lexikon\/wp-json\/wp\/v2\/product_brand?post=16897"},{"taxonomy":"product_cat","embeddable":true,"href":"https:\/\/uj.adatbank.ro\/lexikon\/wp-json\/wp\/v2\/product_cat?post=16897"},{"taxonomy":"product_tag","embeddable":true,"href":"https:\/\/uj.adatbank.ro\/lexikon\/wp-json\/wp\/v2\/product_tag?post=16897"}],"curies":[{"name":"wp","href":"https:\/\/api.w.org\/{rel}","templated":true}]}}