{"id":16901,"date":"2025-07-15T23:34:22","date_gmt":"2025-07-15T21:34:22","guid":{"rendered":"https:\/\/uj.adatbank.ro\/lexikon\/termek\/nyerges-jozsef\/"},"modified":"2025-07-15T23:34:22","modified_gmt":"2025-07-15T21:34:22","slug":"nyerges-jozsef","status":"publish","type":"product","link":"https:\/\/uj.adatbank.ro\/lexikon\/termek\/nyerges-jozsef\/","title":{"rendered":"NYERGES J\u00f3zsef"},"content":{"rendered":"<p>Ny\u00e1r\u00e1dk\u00f6szv\u00e9nyes, 1918. febr. 15. \u2020 ?: tartal\u00e9kos honv\u00e9d, \u0151rvezet\u0151.a 27 \/ III. z\u00e1szl\u00f3aljban. Megs\u00e9r\u00fclt (1944. j\u00fal. 7.). <br \/><strong>Irod.:<\/strong> Berekm\u00e9ri 2015<\/br><\/p>\n","protected":false},"excerpt":{"rendered":"<p>Ny\u00e1r\u00e1dk\u00f6szv\u00e9nyes, 1918. febr. 15. \u2020 ?: tartal\u00e9kos honv\u00e9d, \u0151rvezet\u0151.a 27 \/ III. z\u00e1szl\u00f3aljban. Megs\u00e9r\u00fclt (1944. j\u00fal. 7.). Irod.: Berekm\u00e9ri 2015<\/p>\n","protected":false},"featured_media":0,"comment_status":"open","ping_status":"closed","template":"","meta":[],"product_brand":[],"product_cat":[137],"product_tag":[],"class_list":{"0":"post-16901","1":"product","2":"type-product","3":"status-publish","5":"product_cat-maros-megyei-eletrajzi-lexikon","7":"first","8":"instock","9":"shipping-taxable","10":"product-type-simple"},"_links":{"self":[{"href":"https:\/\/uj.adatbank.ro\/lexikon\/wp-json\/wp\/v2\/product\/16901","targetHints":{"allow":["GET"]}}],"collection":[{"href":"https:\/\/uj.adatbank.ro\/lexikon\/wp-json\/wp\/v2\/product"}],"about":[{"href":"https:\/\/uj.adatbank.ro\/lexikon\/wp-json\/wp\/v2\/types\/product"}],"replies":[{"embeddable":true,"href":"https:\/\/uj.adatbank.ro\/lexikon\/wp-json\/wp\/v2\/comments?post=16901"}],"wp:attachment":[{"href":"https:\/\/uj.adatbank.ro\/lexikon\/wp-json\/wp\/v2\/media?parent=16901"}],"wp:term":[{"taxonomy":"product_brand","embeddable":true,"href":"https:\/\/uj.adatbank.ro\/lexikon\/wp-json\/wp\/v2\/product_brand?post=16901"},{"taxonomy":"product_cat","embeddable":true,"href":"https:\/\/uj.adatbank.ro\/lexikon\/wp-json\/wp\/v2\/product_cat?post=16901"},{"taxonomy":"product_tag","embeddable":true,"href":"https:\/\/uj.adatbank.ro\/lexikon\/wp-json\/wp\/v2\/product_tag?post=16901"}],"curies":[{"name":"wp","href":"https:\/\/api.w.org\/{rel}","templated":true}]}}