{"id":16908,"date":"2025-07-15T23:34:38","date_gmt":"2025-07-15T21:34:38","guid":{"rendered":"https:\/\/uj.adatbank.ro\/lexikon\/termek\/nyilka-sandor\/"},"modified":"2025-07-15T23:34:38","modified_gmt":"2025-07-15T21:34:38","slug":"nyilka-sandor","status":"publish","type":"product","link":"https:\/\/uj.adatbank.ro\/lexikon\/termek\/nyilka-sandor\/","title":{"rendered":"NYILKA S\u00e1ndor"},"content":{"rendered":"<p>? \u2020 ?: kardv\u00edv\u00f3. \u2013 Mv.-r\u0151l indult kardv\u00edv\u00f3. \u2013 Teaua Buc.). <br \/><strong>Irod.:<\/strong> Kl\u00f3sz\u2013Tolok\u00e1n<\/br><\/p>\n","protected":false},"excerpt":{"rendered":"<p>? \u2020 ?: kardv\u00edv\u00f3. \u2013 Mv.-r\u0151l indult kardv\u00edv\u00f3. \u2013 Teaua Buc.). Irod.: Kl\u00f3sz\u2013Tolok\u00e1n<\/p>\n","protected":false},"featured_media":0,"comment_status":"open","ping_status":"closed","template":"","meta":[],"product_brand":[],"product_cat":[137],"product_tag":[],"class_list":{"0":"post-16908","1":"product","2":"type-product","3":"status-publish","5":"product_cat-maros-megyei-eletrajzi-lexikon","7":"first","8":"instock","9":"shipping-taxable","10":"product-type-simple"},"_links":{"self":[{"href":"https:\/\/uj.adatbank.ro\/lexikon\/wp-json\/wp\/v2\/product\/16908","targetHints":{"allow":["GET"]}}],"collection":[{"href":"https:\/\/uj.adatbank.ro\/lexikon\/wp-json\/wp\/v2\/product"}],"about":[{"href":"https:\/\/uj.adatbank.ro\/lexikon\/wp-json\/wp\/v2\/types\/product"}],"replies":[{"embeddable":true,"href":"https:\/\/uj.adatbank.ro\/lexikon\/wp-json\/wp\/v2\/comments?post=16908"}],"wp:attachment":[{"href":"https:\/\/uj.adatbank.ro\/lexikon\/wp-json\/wp\/v2\/media?parent=16908"}],"wp:term":[{"taxonomy":"product_brand","embeddable":true,"href":"https:\/\/uj.adatbank.ro\/lexikon\/wp-json\/wp\/v2\/product_brand?post=16908"},{"taxonomy":"product_cat","embeddable":true,"href":"https:\/\/uj.adatbank.ro\/lexikon\/wp-json\/wp\/v2\/product_cat?post=16908"},{"taxonomy":"product_tag","embeddable":true,"href":"https:\/\/uj.adatbank.ro\/lexikon\/wp-json\/wp\/v2\/product_tag?post=16908"}],"curies":[{"name":"wp","href":"https:\/\/api.w.org\/{rel}","templated":true}]}}