{"id":16909,"date":"2025-07-15T23:34:39","date_gmt":"2025-07-15T21:34:39","guid":{"rendered":"https:\/\/uj.adatbank.ro\/lexikon\/termek\/nyiri-denes\/"},"modified":"2025-07-15T23:34:39","modified_gmt":"2025-07-15T21:34:39","slug":"nyiri-denes","status":"publish","type":"product","link":"https:\/\/uj.adatbank.ro\/lexikon\/termek\/nyiri-denes\/","title":{"rendered":"NYIRI D\u00e9nes"},"content":{"rendered":"<p>? \u2020 ?: ?. \u2013 Feles\u00e9ge: Vadasdi R\u00f3za (1880.? \u2013 Mv., 1936. nov. 6.); testv\u00e9rei. Vadasdi Erzs\u00e9bet Szem\u00e1nyi Lajosn\u00e9; V. K\u00e1lm\u00e1n. \u2013 A Ny\u00edri \u2013 f\u00e9le h\u00e1z (Papiu Ilarian u. 8.sz., szemben az \u00c1llami Lev\u00e9lt\u00e1rral). <br \/><strong>Irod.:<\/strong> \u00c1goston Albert: Eml\u00e9kezz\u00fcnk, hogy az ut\u00f3dok is tudj\u00e1k (N\u00fa., 1991. jan. 19.); Gy\u00e1szjelent\u0151<\/br><\/p>\n","protected":false},"excerpt":{"rendered":"<p>? \u2020 ?: ?. \u2013 Feles\u00e9ge: Vadasdi R\u00f3za (1880.? \u2013 Mv., 1936. nov. 6.); testv\u00e9rei. Vadasdi Erzs\u00e9bet Szem\u00e1nyi Lajosn\u00e9; V. K\u00e1lm\u00e1n. \u2013 A Ny\u00edri \u2013 f\u00e9le h\u00e1z (Papiu Ilarian u. 8.sz., szemben az \u00c1llami Lev\u00e9lt\u00e1rral). Irod.: \u00c1goston Albert: Eml\u00e9kezz\u00fcnk, hogy az ut\u00f3dok is tudj\u00e1k (N\u00fa., 1991. jan. 19.); Gy\u00e1szjelent\u0151<\/p>\n","protected":false},"featured_media":0,"comment_status":"open","ping_status":"closed","template":"","meta":[],"product_brand":[],"product_cat":[137],"product_tag":[],"class_list":{"0":"post-16909","1":"product","2":"type-product","3":"status-publish","5":"product_cat-maros-megyei-eletrajzi-lexikon","7":"first","8":"instock","9":"shipping-taxable","10":"product-type-simple"},"_links":{"self":[{"href":"https:\/\/uj.adatbank.ro\/lexikon\/wp-json\/wp\/v2\/product\/16909","targetHints":{"allow":["GET"]}}],"collection":[{"href":"https:\/\/uj.adatbank.ro\/lexikon\/wp-json\/wp\/v2\/product"}],"about":[{"href":"https:\/\/uj.adatbank.ro\/lexikon\/wp-json\/wp\/v2\/types\/product"}],"replies":[{"embeddable":true,"href":"https:\/\/uj.adatbank.ro\/lexikon\/wp-json\/wp\/v2\/comments?post=16909"}],"wp:attachment":[{"href":"https:\/\/uj.adatbank.ro\/lexikon\/wp-json\/wp\/v2\/media?parent=16909"}],"wp:term":[{"taxonomy":"product_brand","embeddable":true,"href":"https:\/\/uj.adatbank.ro\/lexikon\/wp-json\/wp\/v2\/product_brand?post=16909"},{"taxonomy":"product_cat","embeddable":true,"href":"https:\/\/uj.adatbank.ro\/lexikon\/wp-json\/wp\/v2\/product_cat?post=16909"},{"taxonomy":"product_tag","embeddable":true,"href":"https:\/\/uj.adatbank.ro\/lexikon\/wp-json\/wp\/v2\/product_tag?post=16909"}],"curies":[{"name":"wp","href":"https:\/\/api.w.org\/{rel}","templated":true}]}}